{"id":5378,"date":"2019-01-07T19:11:50","date_gmt":"2019-01-07T18:11:50","guid":{"rendered":"https:\/\/www.llauts.com\/condiciones-legales\/"},"modified":"2019-01-07T19:16:57","modified_gmt":"2019-01-07T18:16:57","slug":"condiciones-legales","status":"publish","type":"page","link":"https:\/\/www.llauts.com\/fr\/condiciones-legales\/","title":{"rendered":"Condiciones legales"},"content":{"rendered":"<h4> Modes de paiement <\/h4>\n<p>La r\u00e9servation peut \u00eatre pay\u00e9e avec une carte de cr\u00e9dit, en utilisant le serveur s\u00e9curis\u00e9 de notre passerelle de paiement.<br \/>\nUne fois que vous avez entr\u00e9 les informations de r\u00e9servation, le programme vous dirigera vers la page Web s\u00e9curis\u00e9e, signature de la passerelle de paiement, o\u00f9 vous indiquerez les d\u00e9tails de votre carte.<\/p>\n<p>Important: \u00e0 la fin du processus, la page de notre passerelle de paiement vous ram\u00e8nera sur notre site Web o\u00f9 vous terminerez le processus de r\u00e9servation.<\/p>\n<p>Notre passerelle de paiement utilise la technologie SSL pour prot\u00e9ger vos informations. De plus, lorsque vous envoyez un paiement via cette passerelle, le destinataire ne re\u00e7oit pas de donn\u00e9es financi\u00e8res sensibles telles que le num\u00e9ro de votre carte de cr\u00e9dit ou votre num\u00e9ro de compte bancaire. De cette fa\u00e7on, vous n&#8217;avez pas \u00e0 vous soucier de payer des personnes que vous ne connaissez pas.<\/p>\n<p>La fraude avec une carte de cr\u00e9dit est un crime et www.llauts.com engagera des poursuites judiciaires contre les personnes qui effectuent une transaction frauduleuse sur notre site.<\/p>\n<p>Vous pouvez toujours v\u00e9rifier le montant total de votre commande \u00e0 la derni\u00e8re \u00e9tape de la confirmation de la r\u00e9servation.<\/p>\n<p>L\u2019adresse e-mail obtenue \u00e0 partir du formulaire d\u2019abonnement servira \u00e0 vous envoyer des informations sur les nouveaut\u00e9s, les produits et les offres sp\u00e9ciales concernant www.llauts.com.<\/p>\n<p>Les informations de facturation ne seront utilis\u00e9es que pour la location du bateau. Ces informations ne seront pas utilis\u00e9es \u00e0 des fins commerciales ni ne seront transmises \u00e0 des tiers.<\/p>\n<p>Les prix indiqu\u00e9s dans www.llauts.com peuvent \u00eatre r\u00e9vis\u00e9s et modifi\u00e9s si les conditions l&#8217;exigent \u00e0 tout moment.<\/p>\n","protected":false},"excerpt":{"rendered":"<p>Modes de paiement La r\u00e9servation peut \u00eatre pay\u00e9e avec une carte de cr\u00e9dit, en utilisant le serveur s\u00e9curis\u00e9 de notre passerelle de paiement. Une fois que vous avez entr\u00e9 les informations de r\u00e9servation, le programme vous dirigera vers la page&hellip;<\/p>\n","protected":false},"author":1,"featured_media":0,"parent":0,"menu_order":0,"comment_status":"closed","ping_status":"closed","template":"","meta":{"_acf_changed":false,"footnotes":""},"class_list":["post-5378","page","type-page","status-publish","placeholder-for-hentry"],"acf":[],"yoast_head":"<!-- This site is optimized with the Yoast SEO plugin v27.3 - https:\/\/yoast.com\/product\/yoast-seo-wordpress\/ -->\n<title>Condiciones legales - Llauts.com<\/title>\n<meta name=\"robots\" content=\"index, follow, max-snippet:-1, max-image-preview:large, max-video-preview:-1\" \/>\n<link rel=\"canonical\" href=\"https:\/\/www.llauts.com\/condiciones-legales\/\" \/>\n<meta property=\"og:locale\" content=\"fr_FR\" \/>\n<meta property=\"og:type\" content=\"article\" \/>\n<meta property=\"og:title\" content=\"Condiciones legales - Llauts.com\" \/>\n<meta property=\"og:description\" content=\"Modes de paiement La r\u00e9servation peut \u00eatre pay\u00e9e avec une carte de cr\u00e9dit, en utilisant le serveur s\u00e9curis\u00e9 de notre passerelle de paiement. Une fois que vous avez entr\u00e9 les informations de r\u00e9servation, le programme vous dirigera vers la page&hellip;\" \/>\n<meta property=\"og:url\" content=\"https:\/\/www.llauts.com\/condiciones-legales\/\" \/>\n<meta property=\"og:site_name\" content=\"Llauts.com\" \/>\n<meta property=\"article:publisher\" content=\"https:\/\/www.facebook.com\/Llauts-Charter-Port-Andratx-253872008116573\/\" \/>\n<meta property=\"article:modified_time\" content=\"2019-01-07T18:16:57+00:00\" \/>\n<meta property=\"og:image\" content=\"https:\/\/www.llauts.com\/wp-content\/uploads\/2018\/01\/cropped-logo_png-1.png\" \/>\n\t<meta property=\"og:image:width\" content=\"170\" \/>\n\t<meta property=\"og:image:height\" content=\"66\" \/>\n\t<meta property=\"og:image:type\" content=\"image\/png\" \/>\n<meta name=\"twitter:card\" content=\"summary_large_image\" \/>\n<script type=\"application\/ld+json\" class=\"yoast-schema-graph\">{\"@context\":\"https:\\\/\\\/schema.org\",\"@graph\":[{\"@type\":\"WebPage\",\"@id\":\"https:\\\/\\\/www.llauts.com\\\/condiciones-legales\\\/\",\"url\":\"https:\\\/\\\/www.llauts.com\\\/condiciones-legales\\\/\",\"name\":\"Condiciones legales - Llauts.com\",\"isPartOf\":{\"@id\":\"https:\\\/\\\/www.llauts.com\\\/#website\"},\"datePublished\":\"2019-01-07T18:11:50+00:00\",\"dateModified\":\"2019-01-07T18:16:57+00:00\",\"breadcrumb\":{\"@id\":\"https:\\\/\\\/www.llauts.com\\\/condiciones-legales\\\/#breadcrumb\"},\"inLanguage\":\"fr-FR\",\"potentialAction\":[{\"@type\":\"ReadAction\",\"target\":[\"https:\\\/\\\/www.llauts.com\\\/condiciones-legales\\\/\"]}]},{\"@type\":\"BreadcrumbList\",\"@id\":\"https:\\\/\\\/www.llauts.com\\\/condiciones-legales\\\/#breadcrumb\",\"itemListElement\":[{\"@type\":\"ListItem\",\"position\":1,\"name\":\"Portada\",\"item\":\"https:\\\/\\\/www.llauts.com\\\/fr\\\/\"},{\"@type\":\"ListItem\",\"position\":2,\"name\":\"Condiciones legales\"}]},{\"@type\":\"WebSite\",\"@id\":\"https:\\\/\\\/www.llauts.com\\\/#website\",\"url\":\"https:\\\/\\\/www.llauts.com\\\/\",\"name\":\"Llauts.com\",\"description\":\"Alquiler y venta de barcos Puerto d&#039;Andratx\",\"publisher\":{\"@id\":\"https:\\\/\\\/www.llauts.com\\\/#organization\"},\"inLanguage\":\"fr-FR\"},{\"@type\":\"Organization\",\"@id\":\"https:\\\/\\\/www.llauts.com\\\/#organization\",\"name\":\"Llauts.com\",\"url\":\"https:\\\/\\\/www.llauts.com\\\/\",\"logo\":{\"@type\":\"ImageObject\",\"inLanguage\":\"fr-FR\",\"@id\":\"https:\\\/\\\/www.llauts.com\\\/#\\\/schema\\\/logo\\\/image\\\/\",\"url\":\"https:\\\/\\\/www.llauts.com\\\/wp-content\\\/uploads\\\/2026\\\/02\\\/logo_llauts_1982.png\",\"contentUrl\":\"https:\\\/\\\/www.llauts.com\\\/wp-content\\\/uploads\\\/2026\\\/02\\\/logo_llauts_1982.png\",\"width\":1536,\"height\":1024,\"caption\":\"Llauts.com\"},\"image\":{\"@id\":\"https:\\\/\\\/www.llauts.com\\\/#\\\/schema\\\/logo\\\/image\\\/\"},\"sameAs\":[\"https:\\\/\\\/www.facebook.com\\\/Llauts-Charter-Port-Andratx-253872008116573\\\/\",\"https:\\\/\\\/www.instagram.com\\\/llautsboats\\\/\"]}]}<\/script>\n<!-- \/ Yoast SEO plugin. -->","yoast_head_json":{"title":"Condiciones legales - Llauts.com","robots":{"index":"index","follow":"follow","max-snippet":"max-snippet:-1","max-image-preview":"max-image-preview:large","max-video-preview":"max-video-preview:-1"},"canonical":"https:\/\/www.llauts.com\/condiciones-legales\/","og_locale":"fr_FR","og_type":"article","og_title":"Condiciones legales - Llauts.com","og_description":"Modes de paiement La r\u00e9servation peut \u00eatre pay\u00e9e avec une carte de cr\u00e9dit, en utilisant le serveur s\u00e9curis\u00e9 de notre passerelle de paiement. Une fois que vous avez entr\u00e9 les informations de r\u00e9servation, le programme vous dirigera vers la page&hellip;","og_url":"https:\/\/www.llauts.com\/condiciones-legales\/","og_site_name":"Llauts.com","article_publisher":"https:\/\/www.facebook.com\/Llauts-Charter-Port-Andratx-253872008116573\/","article_modified_time":"2019-01-07T18:16:57+00:00","og_image":[{"width":170,"height":66,"url":"https:\/\/www.llauts.com\/wp-content\/uploads\/2018\/01\/cropped-logo_png-1.png","type":"image\/png"}],"twitter_card":"summary_large_image","schema":{"@context":"https:\/\/schema.org","@graph":[{"@type":"WebPage","@id":"https:\/\/www.llauts.com\/condiciones-legales\/","url":"https:\/\/www.llauts.com\/condiciones-legales\/","name":"Condiciones legales - Llauts.com","isPartOf":{"@id":"https:\/\/www.llauts.com\/#website"},"datePublished":"2019-01-07T18:11:50+00:00","dateModified":"2019-01-07T18:16:57+00:00","breadcrumb":{"@id":"https:\/\/www.llauts.com\/condiciones-legales\/#breadcrumb"},"inLanguage":"fr-FR","potentialAction":[{"@type":"ReadAction","target":["https:\/\/www.llauts.com\/condiciones-legales\/"]}]},{"@type":"BreadcrumbList","@id":"https:\/\/www.llauts.com\/condiciones-legales\/#breadcrumb","itemListElement":[{"@type":"ListItem","position":1,"name":"Portada","item":"https:\/\/www.llauts.com\/fr\/"},{"@type":"ListItem","position":2,"name":"Condiciones legales"}]},{"@type":"WebSite","@id":"https:\/\/www.llauts.com\/#website","url":"https:\/\/www.llauts.com\/","name":"Llauts.com","description":"Alquiler y venta de barcos Puerto d&#039;Andratx","publisher":{"@id":"https:\/\/www.llauts.com\/#organization"},"inLanguage":"fr-FR"},{"@type":"Organization","@id":"https:\/\/www.llauts.com\/#organization","name":"Llauts.com","url":"https:\/\/www.llauts.com\/","logo":{"@type":"ImageObject","inLanguage":"fr-FR","@id":"https:\/\/www.llauts.com\/#\/schema\/logo\/image\/","url":"https:\/\/www.llauts.com\/wp-content\/uploads\/2026\/02\/logo_llauts_1982.png","contentUrl":"https:\/\/www.llauts.com\/wp-content\/uploads\/2026\/02\/logo_llauts_1982.png","width":1536,"height":1024,"caption":"Llauts.com"},"image":{"@id":"https:\/\/www.llauts.com\/#\/schema\/logo\/image\/"},"sameAs":["https:\/\/www.facebook.com\/Llauts-Charter-Port-Andratx-253872008116573\/","https:\/\/www.instagram.com\/llautsboats\/"]}]}},"_links":{"self":[{"href":"https:\/\/www.llauts.com\/fr\/wp-json\/wp\/v2\/pages\/5378","targetHints":{"allow":["GET"]}}],"collection":[{"href":"https:\/\/www.llauts.com\/fr\/wp-json\/wp\/v2\/pages"}],"about":[{"href":"https:\/\/www.llauts.com\/fr\/wp-json\/wp\/v2\/types\/page"}],"author":[{"embeddable":true,"href":"https:\/\/www.llauts.com\/fr\/wp-json\/wp\/v2\/users\/1"}],"replies":[{"embeddable":true,"href":"https:\/\/www.llauts.com\/fr\/wp-json\/wp\/v2\/comments?post=5378"}],"version-history":[{"count":0,"href":"https:\/\/www.llauts.com\/fr\/wp-json\/wp\/v2\/pages\/5378\/revisions"}],"wp:attachment":[{"href":"https:\/\/www.llauts.com\/fr\/wp-json\/wp\/v2\/media?parent=5378"}],"curies":[{"name":"wp","href":"https:\/\/api.w.org\/{rel}","templated":true}]}}