{"id":3125,"date":"2018-01-17T13:33:45","date_gmt":"2018-01-17T12:33:45","guid":{"rendered":"http:\/\/www.llauts.com\/nosotros\/"},"modified":"2026-03-11T20:36:56","modified_gmt":"2026-03-11T19:36:56","slug":"a-propos-de-nous","status":"publish","type":"page","link":"https:\/\/www.llauts.com\/fr\/a-propos-de-nous\/","title":{"rendered":"\u00c0 propos de nous"},"content":{"rendered":"<div class=\"wpb-content-wrapper\"><p>[vc_row][vc_column][vc_column_text css=&#8221;&#8221;]<\/p>\n<p style=\"text-align: center;\"><strong>Llauts<\/strong> est une soci\u00e9t\u00e9 de location de bateaux bas\u00e9e \u00e0 <strong>Andratx, Majorque (Espagne).<\/strong><\/p>\n<p style=\"text-align: center;\">Fond\u00e9 en 1982, il offre des exp\u00e9riences inoubliables pour ceux qui cherchent \u00e0 profiter de la mer M\u00e9diterran\u00e9e depuis des d\u00e9cennies.<\/p>\n<p style=\"text-align: center;\"><strong>Nous louons des bateaux<\/strong> que <a href=\"https:\/\/www.llauts.com\/fr\/bateaux-sans-permis\/\"> ne n\u00e9cessitent pas de permis<\/a> et des navires plus grands et plus puissants qui n\u00e9cessitent la correspondante <a href=\"https:\/\/www.llauts.com\/fr\/avec-licence\/\">licence maritime<\/a>.<\/p>\n<p style=\"text-align: center;\">Nous avons \u00e9galement <strong>des ventes de bateaux<\/strong>. Nous avons actuellement <a href=\"https:\/\/www.llauts.com\/fr\/vente-de-bateaux\/\">speedboats<\/a> de diff\u00e9rentes longueurs et puissances ainsi que <a href=\"https:\/\/www.llauts.com\/fr\/vente-de-fibre-llauts\/\">fibres lla\u00fcts <\/a> et <a href=\"https:\/\/www.llauts.com\/fr\/vente-de-llauts-en-bois\/\">de bois.<\/a><\/p>\n<p>[\/vc_column_text][vc_single_image image=&#8221;3114&#8243; img_size=&#8221;large&#8221; alignment=&#8221;center&#8221; style=&#8221;vc_box_border&#8221; onclick=&#8221;zoom&#8221; css=&#8221;&#8221;][vc_single_image image=&#8221;3113&#8243; img_size=&#8221;large&#8221; alignment=&#8221;center&#8221; style=&#8221;vc_box_border&#8221; onclick=&#8221;zoom&#8221; css=&#8221;&#8221;][\/vc_column][\/vc_row]<\/p>\n<\/div>","protected":false},"excerpt":{"rendered":"<p>[vc_row][vc_column][vc_column_text css=&#8221;&#8221;] Llauts est une soci\u00e9t\u00e9 de location de bateaux bas\u00e9e \u00e0 Andratx, Majorque (Espagne). Fond\u00e9 en 1982, il offre des exp\u00e9riences inoubliables pour ceux qui cherchent \u00e0 profiter de la mer M\u00e9diterran\u00e9e depuis des d\u00e9cennies. Nous louons des bateaux&hellip;<\/p>\n","protected":false},"author":1,"featured_media":0,"parent":0,"menu_order":0,"comment_status":"closed","ping_status":"closed","template":"","meta":{"_acf_changed":false,"footnotes":""},"class_list":["post-3125","page","type-page","status-publish","placeholder-for-hentry"],"acf":[],"yoast_head":"<!-- This site is optimized with the Yoast SEO plugin v27.4 - https:\/\/yoast.com\/product\/yoast-seo-wordpress\/ -->\n<title>\u00c0 propos de nous - Llauts.com<\/title>\n<meta name=\"robots\" content=\"index, follow, max-snippet:-1, max-image-preview:large, max-video-preview:-1\" \/>\n<link rel=\"canonical\" href=\"https:\/\/www.llauts.com\/nosotros\/\" \/>\n<meta property=\"og:locale\" content=\"fr_FR\" \/>\n<meta property=\"og:type\" content=\"article\" \/>\n<meta property=\"og:title\" content=\"\u00c0 propos de nous - Llauts.com\" \/>\n<meta property=\"og:description\" content=\"[vc_row][vc_column][vc_column_text css=&#8221;&#8221;] Llauts est une soci\u00e9t\u00e9 de location de bateaux bas\u00e9e \u00e0 Andratx, Majorque (Espagne). Fond\u00e9 en 1982, il offre des exp\u00e9riences inoubliables pour ceux qui cherchent \u00e0 profiter de la mer M\u00e9diterran\u00e9e depuis des d\u00e9cennies. Nous louons des bateaux&hellip;\" \/>\n<meta property=\"og:url\" content=\"https:\/\/www.llauts.com\/nosotros\/\" \/>\n<meta property=\"og:site_name\" content=\"Llauts.com\" \/>\n<meta property=\"article:publisher\" content=\"https:\/\/www.facebook.com\/Llauts-Charter-Port-Andratx-253872008116573\/\" \/>\n<meta property=\"article:modified_time\" content=\"2026-03-11T19:36:56+00:00\" \/>\n<meta property=\"og:image\" content=\"https:\/\/www.llauts.com\/wp-content\/uploads\/2018\/01\/cropped-logo_png-1.png\" \/>\n\t<meta property=\"og:image:width\" content=\"170\" \/>\n\t<meta property=\"og:image:height\" content=\"66\" \/>\n\t<meta property=\"og:image:type\" content=\"image\/png\" \/>\n<meta name=\"twitter:card\" content=\"summary_large_image\" \/>\n<script type=\"application\/ld+json\" class=\"yoast-schema-graph\">{\"@context\":\"https:\\\/\\\/schema.org\",\"@graph\":[{\"@type\":\"WebPage\",\"@id\":\"https:\\\/\\\/www.llauts.com\\\/nosotros\\\/\",\"url\":\"https:\\\/\\\/www.llauts.com\\\/nosotros\\\/\",\"name\":\"\u00c0 propos de nous - Llauts.com\",\"isPartOf\":{\"@id\":\"https:\\\/\\\/www.llauts.com\\\/#website\"},\"datePublished\":\"2018-01-17T12:33:45+00:00\",\"dateModified\":\"2026-03-11T19:36:56+00:00\",\"breadcrumb\":{\"@id\":\"https:\\\/\\\/www.llauts.com\\\/nosotros\\\/#breadcrumb\"},\"inLanguage\":\"fr-FR\",\"potentialAction\":[{\"@type\":\"ReadAction\",\"target\":[\"https:\\\/\\\/www.llauts.com\\\/nosotros\\\/\"]}]},{\"@type\":\"BreadcrumbList\",\"@id\":\"https:\\\/\\\/www.llauts.com\\\/nosotros\\\/#breadcrumb\",\"itemListElement\":[{\"@type\":\"ListItem\",\"position\":1,\"name\":\"Portada\",\"item\":\"https:\\\/\\\/www.llauts.com\\\/fr\\\/\"},{\"@type\":\"ListItem\",\"position\":2,\"name\":\"\u00c0 propos de nous\"}]},{\"@type\":\"WebSite\",\"@id\":\"https:\\\/\\\/www.llauts.com\\\/#website\",\"url\":\"https:\\\/\\\/www.llauts.com\\\/\",\"name\":\"Llauts.com\",\"description\":\"Alquiler y venta de barcos Puerto d&#039;Andratx\",\"publisher\":{\"@id\":\"https:\\\/\\\/www.llauts.com\\\/#organization\"},\"inLanguage\":\"fr-FR\"},{\"@type\":\"Organization\",\"@id\":\"https:\\\/\\\/www.llauts.com\\\/#organization\",\"name\":\"Llauts.com\",\"url\":\"https:\\\/\\\/www.llauts.com\\\/\",\"logo\":{\"@type\":\"ImageObject\",\"inLanguage\":\"fr-FR\",\"@id\":\"https:\\\/\\\/www.llauts.com\\\/#\\\/schema\\\/logo\\\/image\\\/\",\"url\":\"https:\\\/\\\/www.llauts.com\\\/wp-content\\\/uploads\\\/2026\\\/02\\\/logo_llauts_1982.png\",\"contentUrl\":\"https:\\\/\\\/www.llauts.com\\\/wp-content\\\/uploads\\\/2026\\\/02\\\/logo_llauts_1982.png\",\"width\":1536,\"height\":1024,\"caption\":\"Llauts.com\"},\"image\":{\"@id\":\"https:\\\/\\\/www.llauts.com\\\/#\\\/schema\\\/logo\\\/image\\\/\"},\"sameAs\":[\"https:\\\/\\\/www.facebook.com\\\/Llauts-Charter-Port-Andratx-253872008116573\\\/\",\"https:\\\/\\\/www.instagram.com\\\/llautsboats\\\/\"]}]}<\/script>\n<!-- \/ Yoast SEO plugin. -->","yoast_head_json":{"title":"\u00c0 propos de nous - Llauts.com","robots":{"index":"index","follow":"follow","max-snippet":"max-snippet:-1","max-image-preview":"max-image-preview:large","max-video-preview":"max-video-preview:-1"},"canonical":"https:\/\/www.llauts.com\/nosotros\/","og_locale":"fr_FR","og_type":"article","og_title":"\u00c0 propos de nous - Llauts.com","og_description":"[vc_row][vc_column][vc_column_text css=&#8221;&#8221;] Llauts est une soci\u00e9t\u00e9 de location de bateaux bas\u00e9e \u00e0 Andratx, Majorque (Espagne). Fond\u00e9 en 1982, il offre des exp\u00e9riences inoubliables pour ceux qui cherchent \u00e0 profiter de la mer M\u00e9diterran\u00e9e depuis des d\u00e9cennies. Nous louons des bateaux&hellip;","og_url":"https:\/\/www.llauts.com\/nosotros\/","og_site_name":"Llauts.com","article_publisher":"https:\/\/www.facebook.com\/Llauts-Charter-Port-Andratx-253872008116573\/","article_modified_time":"2026-03-11T19:36:56+00:00","og_image":[{"width":170,"height":66,"url":"https:\/\/www.llauts.com\/wp-content\/uploads\/2018\/01\/cropped-logo_png-1.png","type":"image\/png"}],"twitter_card":"summary_large_image","schema":{"@context":"https:\/\/schema.org","@graph":[{"@type":"WebPage","@id":"https:\/\/www.llauts.com\/nosotros\/","url":"https:\/\/www.llauts.com\/nosotros\/","name":"\u00c0 propos de nous - Llauts.com","isPartOf":{"@id":"https:\/\/www.llauts.com\/#website"},"datePublished":"2018-01-17T12:33:45+00:00","dateModified":"2026-03-11T19:36:56+00:00","breadcrumb":{"@id":"https:\/\/www.llauts.com\/nosotros\/#breadcrumb"},"inLanguage":"fr-FR","potentialAction":[{"@type":"ReadAction","target":["https:\/\/www.llauts.com\/nosotros\/"]}]},{"@type":"BreadcrumbList","@id":"https:\/\/www.llauts.com\/nosotros\/#breadcrumb","itemListElement":[{"@type":"ListItem","position":1,"name":"Portada","item":"https:\/\/www.llauts.com\/fr\/"},{"@type":"ListItem","position":2,"name":"\u00c0 propos de nous"}]},{"@type":"WebSite","@id":"https:\/\/www.llauts.com\/#website","url":"https:\/\/www.llauts.com\/","name":"Llauts.com","description":"Alquiler y venta de barcos Puerto d&#039;Andratx","publisher":{"@id":"https:\/\/www.llauts.com\/#organization"},"inLanguage":"fr-FR"},{"@type":"Organization","@id":"https:\/\/www.llauts.com\/#organization","name":"Llauts.com","url":"https:\/\/www.llauts.com\/","logo":{"@type":"ImageObject","inLanguage":"fr-FR","@id":"https:\/\/www.llauts.com\/#\/schema\/logo\/image\/","url":"https:\/\/www.llauts.com\/wp-content\/uploads\/2026\/02\/logo_llauts_1982.png","contentUrl":"https:\/\/www.llauts.com\/wp-content\/uploads\/2026\/02\/logo_llauts_1982.png","width":1536,"height":1024,"caption":"Llauts.com"},"image":{"@id":"https:\/\/www.llauts.com\/#\/schema\/logo\/image\/"},"sameAs":["https:\/\/www.facebook.com\/Llauts-Charter-Port-Andratx-253872008116573\/","https:\/\/www.instagram.com\/llautsboats\/"]}]}},"_links":{"self":[{"href":"https:\/\/www.llauts.com\/fr\/wp-json\/wp\/v2\/pages\/3125","targetHints":{"allow":["GET"]}}],"collection":[{"href":"https:\/\/www.llauts.com\/fr\/wp-json\/wp\/v2\/pages"}],"about":[{"href":"https:\/\/www.llauts.com\/fr\/wp-json\/wp\/v2\/types\/page"}],"author":[{"embeddable":true,"href":"https:\/\/www.llauts.com\/fr\/wp-json\/wp\/v2\/users\/1"}],"replies":[{"embeddable":true,"href":"https:\/\/www.llauts.com\/fr\/wp-json\/wp\/v2\/comments?post=3125"}],"version-history":[{"count":0,"href":"https:\/\/www.llauts.com\/fr\/wp-json\/wp\/v2\/pages\/3125\/revisions"}],"wp:attachment":[{"href":"https:\/\/www.llauts.com\/fr\/wp-json\/wp\/v2\/media?parent=3125"}],"curies":[{"name":"wp","href":"https:\/\/api.w.org\/{rel}","templated":true}]}}