{"id":1754,"date":"2018-01-22T16:06:12","date_gmt":"2018-01-22T15:06:12","guid":{"rendered":"http:\/\/www.llauts.com\/faq\/"},"modified":"2018-07-25T09:04:18","modified_gmt":"2018-07-25T08:04:18","slug":"faq","status":"publish","type":"page","link":"https:\/\/www.llauts.com\/fr\/faq\/","title":{"rendered":"FAQ"},"content":{"rendered":"<div class=\"wpb-content-wrapper\"><p>[vc_row][vc_column][vc_column_text]Dans cette section, vous pouvez consulter les questions fr\u00e9quemment pos\u00e9es. Si vous avez plus de questions, vous pouvez nous contacter par email, t\u00e9l\u00e9phone, WhatsApp ou en utilisant notre formulaire dans le lien de <a href=\"http:\/\/www.llauts.com\/fr\/contacto\/\">contact<\/a>.[\/vc_column_text][vc_toggle title=&#8221;Quelle est la dur\u00e9e de location de mon bateau?&#8221; color=&#8221;blue&#8221;]<strong> Location \u00e0 la journ\u00e9e:<\/strong><\/p>\n<p>Habituellement, le loyer est <strong> 8 heures \/ jour.<\/strong><\/p>\n<p>Les heures seront d\u00e9cid\u00e9es par le client en fonction des param\u00e8tres suivants:<\/p>\n<ul>\n<li><strong> Embarquement (enregistrement)<\/strong> &#8211; \u00c0 partir de 10 h<\/li>\n<li><strong> D\u00e9barquement (check out)<\/strong> &#8211; \u00e0 18h00 ou 18h30 avant l&#8217;heure de fermeture de la station d&#8217;essence pour faire le plein.<\/li>\n<\/ul>\n<p><strong> Location d&#8217;une demi-journ\u00e9e<\/strong>:<\/p>\n<p>De 10h \u00e0 14h ou de 14h30 \u00e0 18h30.<\/p>\n<p><strong> Location \u00e0 long terme<\/strong>:<\/p>\n<p>L&#8217;heure et le jour de l&#8217;enregistrement et du d\u00e9part seront \u00e9tablis dans chaque cas avant.<\/p>\n<p><strong> * Aucun bateau de location n&#8217;est autoris\u00e9 \u00e0 naviguer pendant la nuit.<\/strong>[\/vc_toggle][vc_toggle title=&#8221;Qu&#8217;est-ce qui est inclus dans le prix de location d&#8217;un bateau Llauts.com?&#8221; color=&#8221;blue&#8221;]<\/p>\n<ul>\n<li>Taux de location de bateau.<\/li>\n<li>Amarrage dans une bou\u00e9e<\/li>\n<li>Assurance.<\/li>\n<\/ul>\n<p>[\/vc_toggle][vc_toggle title=&#8221;Qu&#8217;est-ce qui n&#8217;est pas inclus dans le prix de location d&#8217;un bateau Llauts.com?&#8221; color=&#8221;blue&#8221;]Carburant plus des options.<\/p>\n<p><strong> * Carburant<\/strong>: Apr\u00e8s le jour de navigation, le client ou l&#8217;employeur se rendra \u00e0 la station-service pour faire le plein en laissant le r\u00e9servoir de carburant tel qu&#8217;il \u00e9tait dans le chargement (plein).<\/p>\n<p><strong> * Lorsque le ravitaillement en carburant \u00e0 la station d&#8217;essence<\/strong> n&#8217;est pas possible, les heures de navigation effectu\u00e9es (heures de fonctionnement du moteur) seront calcul\u00e9es et multipli\u00e9es par les heures de carburant \/ d\u00e9pense moteur de chaque mod\u00e8le de bateau. Ce paiement sera effectu\u00e9 en esp\u00e8ces \/ visa \u00e0 la personne en charge dans notre bureau.<\/p>\n<p><strong> * plus d&#8217;options suppl\u00e9mentaires<\/strong>. skiis, doghnut, wakeboard, monoskii etc.<\/p>\n<p>Exemple:<\/p>\n<p>2 heures de moteur sur un bateau qui consomme 5 litres \/ heure de gasoil:<\/p>\n<p>2 x 5 = 10 litres x prix du litre diesel = r\u00e9sultat.<\/p>\n<p><strong> Frais de mod\u00e8le<\/strong>:<\/p>\n<p>V\u00e9rifiez la disponibilit\u00e9 et le prix lors de la r\u00e9servation.<\/p>\n<p><strong> Location de bateaux sans skipper:<\/strong><\/p>\n<p>Les locations de bateaux sans skipper n\u00e9cessitent un d\u00e9p\u00f4t de caution remis \u00e0 l&#8217;arriv\u00e9e en esp\u00e8ces ou par visa et \u00e0 restituer au moment du d\u00e9part lorsque le bateau est livr\u00e9 en parfait \u00e9tat. Chaque navire, en fonction de sa valeur, a \u00e9tabli un montant pour ce lien (consulter dans chaque cas).<\/p>\n<p><strong> Extras:<\/strong><\/p>\n<p>Les autres extras non inclus dans le prix de location tels que draps, serviettes et autres literies seront pr\u00e9cis\u00e9s dans chaque location \u00e0 l&#8217;avance.<\/p>\n<p><strong> Mouillages \u00e0 l&#8217;ext\u00e9rieur du port:<\/strong><\/p>\n<p>Les amarres en dehors du port de base de chaque navire sont exclues du tarif de location et doivent \u00eatre r\u00e9serv\u00e9es et pay\u00e9es par le client dans chaque cas.[\/vc_toggle][vc_toggle title=&#8221;Comment r\u00e9server un bateau sur Llauts.com?&#8221; color=&#8221;blue&#8221;]C&#8217;est tr\u00e8s simple<\/p>\n<p>Vous pouvez nous contacter via <strong> email, t\u00e9l\u00e9phone (+34 654 158 923), whatsApp<\/strong> pour pr\u00e9-r\u00e9server votre bateau.<\/p>\n<p>Pour formaliser votre r\u00e9servation, vous devez effectuer un <strong> paiement de 25% du prix de location<\/strong> soit par virement bancaire, soit en vous rendant \u00e0 notre bureau par carte ou en esp\u00e8ces. L&#8217;autre 75% sera pay\u00e9 le jour de l&#8217;embarquement lors de la formalisation de l&#8217;enregistrement du navire choisi.<\/p>\n<p><strong> Louer un bateau sans skipper<\/strong>: Il est permis de louer des bateaux sans skipper \u00e0 tous ceux qui ont la qualification nautique requise pour chaque type de bateau, qu&#8217;il soit national ou international. Au moment de l&#8217;enregistrement, il sera demand\u00e9 par le responsable.<\/p>\n<p><strong> Toutes les locations sans skipper n\u00e9cessiteront un d\u00e9p\u00f4t de garantie.<\/strong>[\/vc_toggle][vc_toggle title=&#8221;Annulations&#8221; color=&#8221;blue&#8221;]Consultez dans chaque cas la p\u00e9nalit\u00e9 que le bateau choisi pourrait avoir pour l&#8217;annulation d&#8217;une r\u00e9servation.<\/p>\n<p>Si les <strong> conditions m\u00e9t\u00e9orologiques sont d\u00e9favorables<\/strong>, nous essaierons de changer la date de location, et si cela n&#8217;est pas possible, la partie int\u00e9grante de la r\u00e9servation vous sera retourn\u00e9e (100%).<\/p>\n<p>* <strong> Mauvaise mer signifie l&#8217;impossibilit\u00e9 de quitter le port en raison de causes m\u00e9t\u00e9orologiques qui constituent un risque pour le navire ou le passage, elle s&#8217;appliquera \u00e9galement en cas de forte pluie<\/strong>, mais pas les jours nuageux o\u00f9 ne pas bronzer[\/vc_toggle][vc_toggle title=&#8221;Conseil utile&#8221; color=&#8221;blue&#8221;]Prenez le temps de r\u00e9server votre bateau sur <strong> Llauts.com<\/strong> ceci vous garantira un meilleur prix et la disponibilit\u00e9 du bateau que vous souhaitez pendant vos vacances.<\/p>\n<p>Si vous pr\u00e9voyez de d\u00e9barquer et de manger sur terre, faites votre r\u00e9servation \u00e0 l&#8217;avance, en haute saison, les restaurants de la r\u00e9gion<\/p>\n<p>Il est conseill\u00e9 d&#8217;utiliser de la <strong> cr\u00e8me solaire et des lunettes de soleil<\/strong>.<\/p>\n<p>Toujours v\u00e9rifier les pr\u00e9visions m\u00e9t\u00e9o avant de naviguer &#8211;<a href=\"https:\/\/www.llauts.com\/fr\/prevision-meteolologique\/\">https:\/\/www.llauts.com\/fr\/prevision-meteolologique\/<\/a><\/p>\n<p><a href=\"https:\/\/www.windguru.com\" target=\"_blank\" rel=\"noopener\"> www.windguru.com <\/a><\/p>\n<p>Voir notre section des routes de bateau o\u00f9 nous sugg\u00e9rons divers itin\u00e9raires et mouillages \u00e0 suivre.<\/p>\n<p>Planifiez l&#8217;itin\u00e9raire en fonction de l&#8217;endroit o\u00f9 le vent souffle le jour de la location pour trouver des mouillages prot\u00e9g\u00e9s et calmes, qui rendront votre voyage encore plus agr\u00e9able.<\/p>\n<p>Si vous pr\u00e9voyez d&#8217;accoster dans un autre port que votre bateau assign\u00e9, nous vous recommandons de le faire avec le temps, en haute saison, il y a beaucoup de demande et il est souvent difficile de trouver un mouillage.[\/vc_toggle][\/vc_column][\/vc_row]<\/p>\n<\/div>","protected":false},"excerpt":{"rendered":"<p>[vc_row][vc_column][vc_column_text]Dans cette section, vous pouvez consulter les questions fr\u00e9quemment pos\u00e9es. Si vous avez plus de questions, vous pouvez nous contacter par email, t\u00e9l\u00e9phone, WhatsApp ou en utilisant notre formulaire dans le lien de contact.[\/vc_column_text][vc_toggle title=&#8221;Quelle est la dur\u00e9e de location&hellip;<\/p>\n","protected":false},"author":1,"featured_media":0,"parent":0,"menu_order":0,"comment_status":"closed","ping_status":"closed","template":"","meta":{"_acf_changed":false,"footnotes":""},"class_list":["post-1754","page","type-page","status-publish","placeholder-for-hentry"],"acf":[],"yoast_head":"<!-- This site is optimized with the Yoast SEO plugin v27.4 - https:\/\/yoast.com\/product\/yoast-seo-wordpress\/ -->\n<title>FAQ - Llauts.com<\/title>\n<meta name=\"robots\" content=\"index, follow, max-snippet:-1, max-image-preview:large, max-video-preview:-1\" \/>\n<link rel=\"canonical\" href=\"https:\/\/www.llauts.com\/faq\/\" \/>\n<meta property=\"og:locale\" content=\"fr_FR\" \/>\n<meta property=\"og:type\" content=\"article\" \/>\n<meta property=\"og:title\" content=\"FAQ - Llauts.com\" \/>\n<meta property=\"og:description\" content=\"[vc_row][vc_column][vc_column_text]Dans cette section, vous pouvez consulter les questions fr\u00e9quemment pos\u00e9es. Si vous avez plus de questions, vous pouvez nous contacter par email, t\u00e9l\u00e9phone, WhatsApp ou en utilisant notre formulaire dans le lien de contact.[\/vc_column_text][vc_toggle title=&#8221;Quelle est la dur\u00e9e de location&hellip;\" \/>\n<meta property=\"og:url\" content=\"https:\/\/www.llauts.com\/faq\/\" \/>\n<meta property=\"og:site_name\" content=\"Llauts.com\" \/>\n<meta property=\"article:publisher\" content=\"https:\/\/www.facebook.com\/Llauts-Charter-Port-Andratx-253872008116573\/\" \/>\n<meta property=\"article:modified_time\" content=\"2018-07-25T08:04:18+00:00\" \/>\n<meta property=\"og:image\" content=\"https:\/\/www.llauts.com\/wp-content\/uploads\/2018\/01\/cropped-logo_png-1.png\" \/>\n\t<meta property=\"og:image:width\" content=\"170\" \/>\n\t<meta property=\"og:image:height\" content=\"66\" \/>\n\t<meta property=\"og:image:type\" content=\"image\/png\" \/>\n<meta name=\"twitter:card\" content=\"summary_large_image\" \/>\n<script type=\"application\/ld+json\" class=\"yoast-schema-graph\">{\"@context\":\"https:\\\/\\\/schema.org\",\"@graph\":[{\"@type\":\"WebPage\",\"@id\":\"https:\\\/\\\/www.llauts.com\\\/faq\\\/\",\"url\":\"https:\\\/\\\/www.llauts.com\\\/faq\\\/\",\"name\":\"FAQ - Llauts.com\",\"isPartOf\":{\"@id\":\"https:\\\/\\\/www.llauts.com\\\/#website\"},\"datePublished\":\"2018-01-22T15:06:12+00:00\",\"dateModified\":\"2018-07-25T08:04:18+00:00\",\"breadcrumb\":{\"@id\":\"https:\\\/\\\/www.llauts.com\\\/faq\\\/#breadcrumb\"},\"inLanguage\":\"fr-FR\",\"potentialAction\":[{\"@type\":\"ReadAction\",\"target\":[\"https:\\\/\\\/www.llauts.com\\\/faq\\\/\"]}]},{\"@type\":\"BreadcrumbList\",\"@id\":\"https:\\\/\\\/www.llauts.com\\\/faq\\\/#breadcrumb\",\"itemListElement\":[{\"@type\":\"ListItem\",\"position\":1,\"name\":\"Portada\",\"item\":\"https:\\\/\\\/www.llauts.com\\\/fr\\\/\"},{\"@type\":\"ListItem\",\"position\":2,\"name\":\"FAQ\"}]},{\"@type\":\"WebSite\",\"@id\":\"https:\\\/\\\/www.llauts.com\\\/#website\",\"url\":\"https:\\\/\\\/www.llauts.com\\\/\",\"name\":\"Llauts.com\",\"description\":\"Alquiler y venta de barcos Puerto d&#039;Andratx\",\"publisher\":{\"@id\":\"https:\\\/\\\/www.llauts.com\\\/#organization\"},\"inLanguage\":\"fr-FR\"},{\"@type\":\"Organization\",\"@id\":\"https:\\\/\\\/www.llauts.com\\\/#organization\",\"name\":\"Llauts.com\",\"url\":\"https:\\\/\\\/www.llauts.com\\\/\",\"logo\":{\"@type\":\"ImageObject\",\"inLanguage\":\"fr-FR\",\"@id\":\"https:\\\/\\\/www.llauts.com\\\/#\\\/schema\\\/logo\\\/image\\\/\",\"url\":\"https:\\\/\\\/www.llauts.com\\\/wp-content\\\/uploads\\\/2026\\\/02\\\/logo_llauts_1982.png\",\"contentUrl\":\"https:\\\/\\\/www.llauts.com\\\/wp-content\\\/uploads\\\/2026\\\/02\\\/logo_llauts_1982.png\",\"width\":1536,\"height\":1024,\"caption\":\"Llauts.com\"},\"image\":{\"@id\":\"https:\\\/\\\/www.llauts.com\\\/#\\\/schema\\\/logo\\\/image\\\/\"},\"sameAs\":[\"https:\\\/\\\/www.facebook.com\\\/Llauts-Charter-Port-Andratx-253872008116573\\\/\",\"https:\\\/\\\/www.instagram.com\\\/llautsboats\\\/\"]}]}<\/script>\n<!-- \/ Yoast SEO plugin. -->","yoast_head_json":{"title":"FAQ - Llauts.com","robots":{"index":"index","follow":"follow","max-snippet":"max-snippet:-1","max-image-preview":"max-image-preview:large","max-video-preview":"max-video-preview:-1"},"canonical":"https:\/\/www.llauts.com\/faq\/","og_locale":"fr_FR","og_type":"article","og_title":"FAQ - Llauts.com","og_description":"[vc_row][vc_column][vc_column_text]Dans cette section, vous pouvez consulter les questions fr\u00e9quemment pos\u00e9es. Si vous avez plus de questions, vous pouvez nous contacter par email, t\u00e9l\u00e9phone, WhatsApp ou en utilisant notre formulaire dans le lien de contact.[\/vc_column_text][vc_toggle title=&#8221;Quelle est la dur\u00e9e de location&hellip;","og_url":"https:\/\/www.llauts.com\/faq\/","og_site_name":"Llauts.com","article_publisher":"https:\/\/www.facebook.com\/Llauts-Charter-Port-Andratx-253872008116573\/","article_modified_time":"2018-07-25T08:04:18+00:00","og_image":[{"width":170,"height":66,"url":"https:\/\/www.llauts.com\/wp-content\/uploads\/2018\/01\/cropped-logo_png-1.png","type":"image\/png"}],"twitter_card":"summary_large_image","schema":{"@context":"https:\/\/schema.org","@graph":[{"@type":"WebPage","@id":"https:\/\/www.llauts.com\/faq\/","url":"https:\/\/www.llauts.com\/faq\/","name":"FAQ - Llauts.com","isPartOf":{"@id":"https:\/\/www.llauts.com\/#website"},"datePublished":"2018-01-22T15:06:12+00:00","dateModified":"2018-07-25T08:04:18+00:00","breadcrumb":{"@id":"https:\/\/www.llauts.com\/faq\/#breadcrumb"},"inLanguage":"fr-FR","potentialAction":[{"@type":"ReadAction","target":["https:\/\/www.llauts.com\/faq\/"]}]},{"@type":"BreadcrumbList","@id":"https:\/\/www.llauts.com\/faq\/#breadcrumb","itemListElement":[{"@type":"ListItem","position":1,"name":"Portada","item":"https:\/\/www.llauts.com\/fr\/"},{"@type":"ListItem","position":2,"name":"FAQ"}]},{"@type":"WebSite","@id":"https:\/\/www.llauts.com\/#website","url":"https:\/\/www.llauts.com\/","name":"Llauts.com","description":"Alquiler y venta de barcos Puerto d&#039;Andratx","publisher":{"@id":"https:\/\/www.llauts.com\/#organization"},"inLanguage":"fr-FR"},{"@type":"Organization","@id":"https:\/\/www.llauts.com\/#organization","name":"Llauts.com","url":"https:\/\/www.llauts.com\/","logo":{"@type":"ImageObject","inLanguage":"fr-FR","@id":"https:\/\/www.llauts.com\/#\/schema\/logo\/image\/","url":"https:\/\/www.llauts.com\/wp-content\/uploads\/2026\/02\/logo_llauts_1982.png","contentUrl":"https:\/\/www.llauts.com\/wp-content\/uploads\/2026\/02\/logo_llauts_1982.png","width":1536,"height":1024,"caption":"Llauts.com"},"image":{"@id":"https:\/\/www.llauts.com\/#\/schema\/logo\/image\/"},"sameAs":["https:\/\/www.facebook.com\/Llauts-Charter-Port-Andratx-253872008116573\/","https:\/\/www.instagram.com\/llautsboats\/"]}]}},"_links":{"self":[{"href":"https:\/\/www.llauts.com\/fr\/wp-json\/wp\/v2\/pages\/1754","targetHints":{"allow":["GET"]}}],"collection":[{"href":"https:\/\/www.llauts.com\/fr\/wp-json\/wp\/v2\/pages"}],"about":[{"href":"https:\/\/www.llauts.com\/fr\/wp-json\/wp\/v2\/types\/page"}],"author":[{"embeddable":true,"href":"https:\/\/www.llauts.com\/fr\/wp-json\/wp\/v2\/users\/1"}],"replies":[{"embeddable":true,"href":"https:\/\/www.llauts.com\/fr\/wp-json\/wp\/v2\/comments?post=1754"}],"version-history":[{"count":0,"href":"https:\/\/www.llauts.com\/fr\/wp-json\/wp\/v2\/pages\/1754\/revisions"}],"wp:attachment":[{"href":"https:\/\/www.llauts.com\/fr\/wp-json\/wp\/v2\/media?parent=1754"}],"curies":[{"name":"wp","href":"https:\/\/api.w.org\/{rel}","templated":true}]}}