{"id":1725,"date":"2018-02-12T11:38:48","date_gmt":"2018-02-12T10:38:48","guid":{"rendered":"http:\/\/www.llauts.com\/llauts\/"},"modified":"2026-03-10T15:03:05","modified_gmt":"2026-03-10T14:03:05","slug":"llauts-location","status":"publish","type":"page","link":"https:\/\/www.llauts.com\/fr\/llauts-location\/","title":{"rendered":"Llauts Location"},"content":{"rendered":"<div class=\"wpb-content-wrapper\"><p>[vc_row][vc_column]<div class=\"cq-parallaxcontainer \"  data-speed=\"\" data-coverratio=\"\" data-holderminheight=\"\" data-holdermaxheight=\"\" data-extraheight=\"\" data-target=\"\"><div class=\"cq-parallaximage\" data-image=\"https:\/\/www.llauts.com\/wp-content\/uploads\/2018\/01\/llauts_ariel3.jpeg\" data-width=\"1600\" data-height=\"1000\" data-image-mobile=\"https:\/\/www.llauts.com\/wp-content\/uploads\/2018\/01\/llauts_ariel3-640x400.jpeg\" data-link=\"\"><\/div><\/div>[vc_empty_space alter_height=&#8221;small&#8221; hide_on_mobile=&#8221;&#8221;]<div id=\"sc_title_1402746585\"\r\n\t\tclass=\"sc_title color_style_default sc_title_alter  vc_custom_1772642782892\"><h5 class=\"sc_item_title sc_title_title sc_align_center sc_item_title_style_alter sc_item_title_tag\">Location de Lla\u00fct<\/h5><div class=\"sc_item_descr sc_title_descr sc_align_center\"><p>Le lla\u00fct est un bateau de p\u00eache traditionnel des \u00eeles Bal\u00e9ares. \u00c0 son bord, vous profiterez d'une travers\u00e9e paisible et relaxante, sans compromis sur le confort et la s\u00e9curit\u00e9. Nous disposons de plusieurs bateaux enti\u00e8rement \u00e9quip\u00e9s, vous permettant d'acc\u00e9der aux plus beaux coins de p\u00eache secrets pr\u00e8s de Puerto de Andratx.<\/p>\n<\/div><\/div><!-- \/.sc_title -->[\/vc_column][\/vc_row][vc_row][vc_column][vc_masonry_grid post_type=&#8221;post&#8221; max_items=&#8221;10&#8243; orderby=&#8221;meta_value&#8221; item=&#8221;11414&#8243; initial_loading_animation=&#8221;none&#8221; css=&#8221;&#8221; grid_id=&#8221;vc_gid:1773151354514-306005f1-291b-3&#8243; taxonomies=&#8221;17&#8243; meta_key=&#8221;eslora&#8221;][vc_raw_html css=&#8221;&#8221;]JTNDc3R5bGUlM0UlMEElMjAlMjAlMjAlMjAudmNfZ3JpZC1pdGVtJTNBaG92ZXIlMjAlN0IlMEElMjAlMjAlMjAlMjBib3gtc2hhZG93JTNBJTIwMCUyMDIwcHglMjA1MHB4JTIwcmdiYSUyODAlMkMlMjAwJTJDJTIwMCUyQyUyMDAuMjUlMjklM0IlMEElMjAlMjAlMjAlMjB0cmFuc2Zvcm0lM0ElMjB0cmFuc2xhdGVZJTI4LThweCUyOSUzQiUwQSU3RCUwQSUzQyUyRnN0eWxlJTNF[\/vc_raw_html][\/vc_column][\/vc_row]<\/p>\n<\/div>","protected":false},"excerpt":{"rendered":"<p>[vc_row][vc_column][vc_empty_space alter_height=&#8221;small&#8221; hide_on_mobile=&#8221;&#8221;][\/vc_column][\/vc_row][vc_row][vc_column][vc_masonry_grid post_type=&#8221;post&#8221; max_items=&#8221;10&#8243; orderby=&#8221;meta_value&#8221; item=&#8221;11414&#8243; initial_loading_animation=&#8221;none&#8221; css=&#8221;&#8221; grid_id=&#8221;vc_gid:1773151354514-306005f1-291b-3&#8243; taxonomies=&#8221;17&#8243; meta_key=&#8221;eslora&#8221;][vc_raw_html css=&#8221;&#8221;]JTNDc3R5bGUlM0UlMEElMjAlMjAlMjAlMjAudmNfZ3JpZC1pdGVtJTNBaG92ZXIlMjAlN0IlMEElMjAlMjAlMjAlMjBib3gtc2hhZG93JTNBJTIwMCUyMDIwcHglMjA1MHB4JTIwcmdiYSUyODAlMkMlMjAwJTJDJTIwMCUyQyUyMDAuMjUlMjklM0IlMEElMjAlMjAlMjAlMjB0cmFuc2Zvcm0lM0ElMjB0cmFuc2xhdGVZJTI4LThweCUyOSUzQiUwQSU3RCUwQSUzQyUyRnN0eWxlJTNF[\/vc_raw_html][\/vc_column][\/vc_row]<\/p>\n","protected":false},"author":1,"featured_media":0,"parent":0,"menu_order":0,"comment_status":"closed","ping_status":"closed","template":"","meta":{"_acf_changed":false,"footnotes":""},"class_list":["post-1725","page","type-page","status-publish","placeholder-for-hentry"],"acf":[],"yoast_head":"<!-- This site is optimized with the Yoast SEO plugin v27.4 - https:\/\/yoast.com\/product\/yoast-seo-wordpress\/ -->\n<title>Llauts Location - Llauts.com<\/title>\n<meta name=\"robots\" content=\"index, follow, max-snippet:-1, max-image-preview:large, max-video-preview:-1\" \/>\n<link rel=\"canonical\" href=\"https:\/\/www.llauts.com\/llauts\/\" \/>\n<meta property=\"og:locale\" content=\"fr_FR\" \/>\n<meta property=\"og:type\" content=\"article\" \/>\n<meta property=\"og:title\" content=\"Llauts Location - Llauts.com\" \/>\n<meta property=\"og:description\" content=\"[vc_row][vc_column][vc_empty_space alter_height=&#8221;small&#8221; hide_on_mobile=&#8221;&#8221;][\/vc_column][\/vc_row][vc_row][vc_column][vc_masonry_grid post_type=&#8221;post&#8221; max_items=&#8221;10&#8243; orderby=&#8221;meta_value&#8221; item=&#8221;11414&#8243; initial_loading_animation=&#8221;none&#8221; css=&#8221;&#8221; grid_id=&#8221;vc_gid:1773151354514-306005f1-291b-3&#8243; taxonomies=&#8221;17&#8243; meta_key=&#8221;eslora&#8221;][vc_raw_html css=&#8221;&#8221;]JTNDc3R5bGUlM0UlMEElMjAlMjAlMjAlMjAudmNfZ3JpZC1pdGVtJTNBaG92ZXIlMjAlN0IlMEElMjAlMjAlMjAlMjBib3gtc2hhZG93JTNBJTIwMCUyMDIwcHglMjA1MHB4JTIwcmdiYSUyODAlMkMlMjAwJTJDJTIwMCUyQyUyMDAuMjUlMjklM0IlMEElMjAlMjAlMjAlMjB0cmFuc2Zvcm0lM0ElMjB0cmFuc2xhdGVZJTI4LThweCUyOSUzQiUwQSU3RCUwQSUzQyUyRnN0eWxlJTNF[\/vc_raw_html][\/vc_column][\/vc_row]\" \/>\n<meta property=\"og:url\" content=\"https:\/\/www.llauts.com\/llauts\/\" \/>\n<meta property=\"og:site_name\" content=\"Llauts.com\" \/>\n<meta property=\"article:publisher\" content=\"https:\/\/www.facebook.com\/Llauts-Charter-Port-Andratx-253872008116573\/\" \/>\n<meta property=\"article:modified_time\" content=\"2026-03-10T14:03:05+00:00\" \/>\n<meta property=\"og:image\" content=\"https:\/\/www.llauts.com\/wp-content\/uploads\/2018\/01\/cropped-logo_png-1.png\" \/>\n\t<meta property=\"og:image:width\" content=\"170\" \/>\n\t<meta property=\"og:image:height\" content=\"66\" \/>\n\t<meta property=\"og:image:type\" content=\"image\/png\" \/>\n<meta name=\"twitter:card\" content=\"summary_large_image\" \/>\n<script type=\"application\/ld+json\" class=\"yoast-schema-graph\">{\"@context\":\"https:\\\/\\\/schema.org\",\"@graph\":[{\"@type\":\"WebPage\",\"@id\":\"https:\\\/\\\/www.llauts.com\\\/llauts\\\/\",\"url\":\"https:\\\/\\\/www.llauts.com\\\/llauts\\\/\",\"name\":\"Llauts Location - Llauts.com\",\"isPartOf\":{\"@id\":\"https:\\\/\\\/www.llauts.com\\\/#website\"},\"datePublished\":\"2018-02-12T10:38:48+00:00\",\"dateModified\":\"2026-03-10T14:03:05+00:00\",\"breadcrumb\":{\"@id\":\"https:\\\/\\\/www.llauts.com\\\/llauts\\\/#breadcrumb\"},\"inLanguage\":\"fr-FR\",\"potentialAction\":[{\"@type\":\"ReadAction\",\"target\":[\"https:\\\/\\\/www.llauts.com\\\/llauts\\\/\"]}]},{\"@type\":\"BreadcrumbList\",\"@id\":\"https:\\\/\\\/www.llauts.com\\\/llauts\\\/#breadcrumb\",\"itemListElement\":[{\"@type\":\"ListItem\",\"position\":1,\"name\":\"Portada\",\"item\":\"https:\\\/\\\/www.llauts.com\\\/fr\\\/\"},{\"@type\":\"ListItem\",\"position\":2,\"name\":\"Llauts Location\"}]},{\"@type\":\"WebSite\",\"@id\":\"https:\\\/\\\/www.llauts.com\\\/#website\",\"url\":\"https:\\\/\\\/www.llauts.com\\\/\",\"name\":\"Llauts.com\",\"description\":\"Alquiler y venta de barcos Puerto d&#039;Andratx\",\"publisher\":{\"@id\":\"https:\\\/\\\/www.llauts.com\\\/#organization\"},\"inLanguage\":\"fr-FR\"},{\"@type\":\"Organization\",\"@id\":\"https:\\\/\\\/www.llauts.com\\\/#organization\",\"name\":\"Llauts.com\",\"url\":\"https:\\\/\\\/www.llauts.com\\\/\",\"logo\":{\"@type\":\"ImageObject\",\"inLanguage\":\"fr-FR\",\"@id\":\"https:\\\/\\\/www.llauts.com\\\/#\\\/schema\\\/logo\\\/image\\\/\",\"url\":\"https:\\\/\\\/www.llauts.com\\\/wp-content\\\/uploads\\\/2026\\\/02\\\/logo_llauts_1982.png\",\"contentUrl\":\"https:\\\/\\\/www.llauts.com\\\/wp-content\\\/uploads\\\/2026\\\/02\\\/logo_llauts_1982.png\",\"width\":1536,\"height\":1024,\"caption\":\"Llauts.com\"},\"image\":{\"@id\":\"https:\\\/\\\/www.llauts.com\\\/#\\\/schema\\\/logo\\\/image\\\/\"},\"sameAs\":[\"https:\\\/\\\/www.facebook.com\\\/Llauts-Charter-Port-Andratx-253872008116573\\\/\",\"https:\\\/\\\/www.instagram.com\\\/llautsboats\\\/\"]}]}<\/script>\n<!-- \/ Yoast SEO plugin. -->","yoast_head_json":{"title":"Llauts Location - Llauts.com","robots":{"index":"index","follow":"follow","max-snippet":"max-snippet:-1","max-image-preview":"max-image-preview:large","max-video-preview":"max-video-preview:-1"},"canonical":"https:\/\/www.llauts.com\/llauts\/","og_locale":"fr_FR","og_type":"article","og_title":"Llauts Location - Llauts.com","og_description":"[vc_row][vc_column][vc_empty_space alter_height=&#8221;small&#8221; hide_on_mobile=&#8221;&#8221;][\/vc_column][\/vc_row][vc_row][vc_column][vc_masonry_grid post_type=&#8221;post&#8221; max_items=&#8221;10&#8243; orderby=&#8221;meta_value&#8221; item=&#8221;11414&#8243; initial_loading_animation=&#8221;none&#8221; css=&#8221;&#8221; grid_id=&#8221;vc_gid:1773151354514-306005f1-291b-3&#8243; taxonomies=&#8221;17&#8243; meta_key=&#8221;eslora&#8221;][vc_raw_html css=&#8221;&#8221;]JTNDc3R5bGUlM0UlMEElMjAlMjAlMjAlMjAudmNfZ3JpZC1pdGVtJTNBaG92ZXIlMjAlN0IlMEElMjAlMjAlMjAlMjBib3gtc2hhZG93JTNBJTIwMCUyMDIwcHglMjA1MHB4JTIwcmdiYSUyODAlMkMlMjAwJTJDJTIwMCUyQyUyMDAuMjUlMjklM0IlMEElMjAlMjAlMjAlMjB0cmFuc2Zvcm0lM0ElMjB0cmFuc2xhdGVZJTI4LThweCUyOSUzQiUwQSU3RCUwQSUzQyUyRnN0eWxlJTNF[\/vc_raw_html][\/vc_column][\/vc_row]","og_url":"https:\/\/www.llauts.com\/llauts\/","og_site_name":"Llauts.com","article_publisher":"https:\/\/www.facebook.com\/Llauts-Charter-Port-Andratx-253872008116573\/","article_modified_time":"2026-03-10T14:03:05+00:00","og_image":[{"width":170,"height":66,"url":"https:\/\/www.llauts.com\/wp-content\/uploads\/2018\/01\/cropped-logo_png-1.png","type":"image\/png"}],"twitter_card":"summary_large_image","schema":{"@context":"https:\/\/schema.org","@graph":[{"@type":"WebPage","@id":"https:\/\/www.llauts.com\/llauts\/","url":"https:\/\/www.llauts.com\/llauts\/","name":"Llauts Location - Llauts.com","isPartOf":{"@id":"https:\/\/www.llauts.com\/#website"},"datePublished":"2018-02-12T10:38:48+00:00","dateModified":"2026-03-10T14:03:05+00:00","breadcrumb":{"@id":"https:\/\/www.llauts.com\/llauts\/#breadcrumb"},"inLanguage":"fr-FR","potentialAction":[{"@type":"ReadAction","target":["https:\/\/www.llauts.com\/llauts\/"]}]},{"@type":"BreadcrumbList","@id":"https:\/\/www.llauts.com\/llauts\/#breadcrumb","itemListElement":[{"@type":"ListItem","position":1,"name":"Portada","item":"https:\/\/www.llauts.com\/fr\/"},{"@type":"ListItem","position":2,"name":"Llauts Location"}]},{"@type":"WebSite","@id":"https:\/\/www.llauts.com\/#website","url":"https:\/\/www.llauts.com\/","name":"Llauts.com","description":"Alquiler y venta de barcos Puerto d&#039;Andratx","publisher":{"@id":"https:\/\/www.llauts.com\/#organization"},"inLanguage":"fr-FR"},{"@type":"Organization","@id":"https:\/\/www.llauts.com\/#organization","name":"Llauts.com","url":"https:\/\/www.llauts.com\/","logo":{"@type":"ImageObject","inLanguage":"fr-FR","@id":"https:\/\/www.llauts.com\/#\/schema\/logo\/image\/","url":"https:\/\/www.llauts.com\/wp-content\/uploads\/2026\/02\/logo_llauts_1982.png","contentUrl":"https:\/\/www.llauts.com\/wp-content\/uploads\/2026\/02\/logo_llauts_1982.png","width":1536,"height":1024,"caption":"Llauts.com"},"image":{"@id":"https:\/\/www.llauts.com\/#\/schema\/logo\/image\/"},"sameAs":["https:\/\/www.facebook.com\/Llauts-Charter-Port-Andratx-253872008116573\/","https:\/\/www.instagram.com\/llautsboats\/"]}]}},"_links":{"self":[{"href":"https:\/\/www.llauts.com\/fr\/wp-json\/wp\/v2\/pages\/1725","targetHints":{"allow":["GET"]}}],"collection":[{"href":"https:\/\/www.llauts.com\/fr\/wp-json\/wp\/v2\/pages"}],"about":[{"href":"https:\/\/www.llauts.com\/fr\/wp-json\/wp\/v2\/types\/page"}],"author":[{"embeddable":true,"href":"https:\/\/www.llauts.com\/fr\/wp-json\/wp\/v2\/users\/1"}],"replies":[{"embeddable":true,"href":"https:\/\/www.llauts.com\/fr\/wp-json\/wp\/v2\/comments?post=1725"}],"version-history":[{"count":0,"href":"https:\/\/www.llauts.com\/fr\/wp-json\/wp\/v2\/pages\/1725\/revisions"}],"wp:attachment":[{"href":"https:\/\/www.llauts.com\/fr\/wp-json\/wp\/v2\/media?parent=1725"}],"curies":[{"name":"wp","href":"https:\/\/api.w.org\/{rel}","templated":true}]}}