{"id":165,"date":"2018-01-19T11:48:22","date_gmt":"2018-01-19T10:48:22","guid":{"rendered":"http:\/\/www.llauts.com\/home\/"},"modified":"2026-03-12T10:03:53","modified_gmt":"2026-03-12T09:03:53","slug":"home","status":"publish","type":"page","link":"https:\/\/www.llauts.com\/fr\/","title":{"rendered":"Home"},"content":{"rendered":"<div class=\"wpb-content-wrapper\"><p>[vc_row top_padding=&#8221;20&#8243;][vc_column][rev_slider_vc alias=&#8221;pvideo&#8221;][\/vc_column][vc_column][vc_separator color=&#8221;white&#8221; css=&#8221;&#8221;][\/vc_column][\/vc_row][vc_row css=&#8221;.vc_custom_1771284795011{margin-right: 5px !important;margin-left: 5px !important;}&#8221;][vc_column]<div id=\"sc_title_1982694667\"\r\n\t\tclass=\"sc_title color_style_default sc_title_alter\"><h5 class=\"sc_item_title sc_title_title sc_align_left sc_item_title_style_alter sc_item_title_tag\">D\u00e9couvrez nos bateaux<\/h5><div class=\"sc_item_descr sc_title_descr sc_align_left\"><p>Depuis 1985, nous proposons une large gamme de bateaux \u00e0 louer sur la c\u00f4te ouest de Majorque, avec ou sans permis, adapt\u00e9s \u00e0 tous vos projets et envies de navigation.<\/p>\n<p>D\u00e9couvrez des criques idylliques accessibles uniquement par la mer, des recoins secrets et des eaux cristallines qui feront de votre journ\u00e9e une aventure inoubliable.<\/p>\n<\/div><\/div><!-- \/.sc_title -->[vc_basic_grid post_type=&#8221;post&#8221; max_items=&#8221;20&#8243; gap=&#8221;10&#8243; orderby=&#8221;meta_value&#8221; item=&#8221;10359&#8243; css=&#8221;&#8221; grid_id=&#8221;vc_gid:1773306190099-11fb9d75-128a-8&#8243; taxonomies=&#8221;13, 11, 14, 12&#8243; meta_key=&#8221;eslora&#8221;][vc_empty_space height=&#8221;50px&#8221; hide_on_mobile=&#8221;1&#8243;][vc_row_inner][vc_column_inner width=&#8221;1\/2&#8243;]<div class=\"cq-diamondgrid-container  \" data-tooltipposition=\"top\" data-itembgcolor=\"\"><div class=\"cq-diamondgrid\"><ul class=\"cq-diamondgrid-ul cq-diamondgrid-large\"><li class=\"cq-diamondgrid-itemcontainer\" title=\"Coucher de soleil\" data-iconcolor=\"\" data-iconhovercolor=\"\" data-backgroundcolor=\"#4FC1E9\" data-backgroundhovercolor=\"#3BAFDA\" data-lightboxmode=\"boxer\" data-tooltipanimation=\"grow\"><a href=\"https:\/\/www.llauts.com\/fr\/sunset-en-barco\/\" class=\"cq-diamondgrid-link\" title=\"Coucher de soleil sur un bateau avec skipper\" target=\"\"><div class=\"cq-diamondgrid-item\" data-image=\"https:\/\/www.llauts.com\/wp-content\/uploads\/2024\/07\/Llauts.com_Sunset2-scaled-e1720126861399.jpeg\"><\/div><i class=\"cq-diamondgrid-icon icon-summer\"><\/i><\/a><\/li><li class=\"cq-diamondgrid-itemcontainer\" title=\"Les bateaux qui ne n\u00e9cessitent pas de permis\" data-iconcolor=\"\" data-iconhovercolor=\"\" data-backgroundcolor=\"#5D9CEC\" data-backgroundhovercolor=\"#4A89DC\" data-lightboxmode=\"boxer\" data-tooltipanimation=\"grow\"><a href=\"https:\/\/www.llauts.com\/fr\/bateaux-sans-permis\/\" class=\"cq-diamondgrid-link\" title=\"Alquiler de embarcaciones con Titulaci\u00f3n N\u00e1utica\" target=\"\"><div class=\"cq-diamondgrid-item\" data-image=\"https:\/\/www.llauts.com\/wp-content\/uploads\/2018\/01\/marinello_llauts2.jpeg\"><\/div><i class=\"cq-diamondgrid-icon fa fa-solid fa-anchor\"><\/i><\/a><\/li><li class=\"cq-diamondgrid-itemcontainer\" title=\"Location de Lla\u00fct\" data-iconcolor=\"\" data-iconhovercolor=\"\" data-backgroundcolor=\"#5D9CEC\" data-backgroundhovercolor=\"#4A89DC\" data-lightboxmode=\"boxer\" data-tooltipanimation=\"grow\"><a href=\"https:\/\/www.llauts.com\/fr\/llauts-location\/\" class=\"cq-diamondgrid-link\" title=\"Llauts\" target=\"\"><div class=\"cq-diamondgrid-item\" data-image=\"https:\/\/www.llauts.com\/wp-content\/uploads\/2018\/01\/dragonera11.jpg\"><\/div><i class=\"cq-diamondgrid-icon fa fa-solid fa-anchor\"><\/i><\/a><\/li><li class=\"cq-diamondgrid-itemcontainer\" title=\"Navires certifi\u00e9s\" data-iconcolor=\"\" data-iconhovercolor=\"\" data-backgroundcolor=\"#4FC1E9\" data-backgroundhovercolor=\"#3BAFDA\" data-lightboxmode=\"boxer\" data-tooltipanimation=\"grow\"><a href=\"https:\/\/www.llauts.com\/fr\/avec-licence\/\" class=\"cq-diamondgrid-link\" title=\"Navires certifi\u00e9s\" target=\"\"><div class=\"cq-diamondgrid-item\" data-image=\"https:\/\/www.llauts.com\/wp-content\/uploads\/2023\/04\/CobaltA29_7.jpg\"><\/div><i class=\"cq-diamondgrid-icon fa fa-solid fa-anchor-circle-check\"><\/i><\/a><\/li><\/ul><\/div><\/div>[\/vc_column_inner][vc_column_inner width=&#8221;1\/2&#8243;][vc_column_text css=&#8221;&#8221;]<\/p>\n<p data-start=\"57\" data-end=\"225\"><strong data-start=\"57\" data-end=\"67\">Nous sommes<\/strong> une soci\u00e9t\u00e9 de location et de vente de bateaux bas\u00e9e \u00e0 <strong><span class=\"hover:entity-accent entity-underline inline cursor-pointer align-baseline\"><span class=\"whitespace-normal\">Puerto de Andratx<\/span><\/span>, sur l&#8217;\u00eele de <span class=\"hover:entity-accent entity-underline inline cursor-pointer align-baseline\"><span class=\"whitespace-normal\">Majorque<\/span><\/span>.<\/strong><\/p>\n<p data-start=\"227\" data-end=\"435\"><strong>Fond\u00e9e en 1982<\/strong>, notre entreprise partage depuis plus de quarante ans sa passion pour la mer et propose des exp\u00e9riences inoubliables \u00e0 ceux qui souhaitent d\u00e9couvrir la beaut\u00e9 de la M\u00e9diterran\u00e9e sous un angle unique.<\/p>\n<p>Exp\u00e9riences Coucher de Soleil, une fa\u00e7on exclusive d&#8217;admirer le coucher du soleil depuis la mer, au c\u0153ur d&#8217;un paysage paisible et d&#8217;un horizon d\u00e9gag\u00e9.<\/p>\n<p>\u00c0 Chez Llauts, nous allions tradition, professionnalisme et une touche personnelle pour que chaque sortie soit bien plus qu&#8217;une simple location\u00a0: c&#8217;est un souvenir inoubliable.<\/p>\n<p>[\/vc_column_text][vc_empty_space alter_height=&#8221;medium&#8221; hide_on_mobile=&#8221;2&#8243;][\/vc_column_inner][\/vc_row_inner][vc_empty_space height=&#8221;50px&#8221; alter_height=&#8221;medium&#8221; hide_on_mobile=&#8221;1&#8243;][\/vc_column][\/vc_row][vc_row][vc_column][vc_empty_space height=&#8221;50px&#8221; alter_height=&#8221;medium&#8221; hide_on_mobile=&#8221;1&#8243;]<div class=\"cq-parallaxcontainer \"  data-speed=\"\" data-coverratio=\"0,25\" data-holderminheight=\"\" data-holdermaxheight=\"200\" data-extraheight=\"\" data-target=\"\"><div class=\"cq-parallaximage\" data-image=\"https:\/\/www.llauts.com\/wp-content\/uploads\/2023\/04\/cobaltA29_llauts_rental6.jpg\" data-width=\"1920\" data-height=\"1280\" data-image-mobile=\"https:\/\/www.llauts.com\/wp-content\/uploads\/2023\/04\/cobaltA29_llauts_rental6-640x427.jpg\" data-link=\"\"><\/div><\/div>[vc_empty_space height=&#8221;20px&#8221; alter_height=&#8221;medium&#8221; hide_on_mobile=&#8221;&#8221;][\/vc_column][vc_column css=&#8221;.vc_custom_1771670098400{margin-right: 10px !important;}&#8221;]<div id=\"sc_title_1010517937\"\r\n\t\tclass=\"sc_title color_style_default sc_title_alter  vc_custom_1772709804807\"><h5 class=\"sc_item_title sc_title_title sc_align_left sc_item_title_style_alter sc_item_title_tag\">Exp\u00e9riences uniques<\/h5><\/div><!-- \/.sc_title --><div class=\"cq-floatcaption cq-floatcaption-position-left cq-floatcaption-shape-square cq-floatcaption-percent-64 \" data-position=\"left\"><div class=\"cq-floatcaption-imagecontainer\"><img decoding=\"async\" class=\"cq-floatcaption-image\" src=\"https:\/\/www.llauts.com\/wp-content\/uploads\/2026\/02\/eclipse_llauts.png\" alt=\"\" \/><\/div><div class=\"cq-floatcaption-text\" style=\"background-color:#E5F3FF\"><p class=\"cq-floatcaption-description\"><\/p>\n<h5 style=\"text-align: center;\">\u00c9clipse solaire<\/h5>\n<p style=\"text-align: center;\"><span style=\"color: #2f5a69;\">Le <strong>12 ao\u00fbt 2026<\/strong>, la mer des Bal\u00e9ares sera le th\u00e9\u00e2tre d&#8217;un ph\u00e9nom\u00e8ne astronomique exceptionnel\u00a0: une \u00e9clipse solaire totale visible au-dessus de la M\u00e9diterran\u00e9e. Un \u00e9v\u00e9nement unique, \u00e0 vivre une fois dans sa vie, que vous pourrez admirer exclusivement depuis l&#8217;un des bateaux de Lla\u00fcts.com, lors d&#8217;une exp\u00e9rience con\u00e7ue pour ceux qui recherchent quelque chose de vraiment extraordinaire.<\/span><\/p>\n<p><\/p>[vc_btn title=\"R\u00c9SERVE\" color=\"blue\" style=\"modern\" shape=\"rounded\" link=\"url:https%3A%2F%2Fwww.llauts.com%2Ffr%2Feclipse-solar%2F|title:Eclipse%20Solar\" align=\"center\" size=\"sm\"]<\/div><\/div>[\/vc_column][\/vc_row][vc_row css=&#8221;.vc_custom_1771670298201{margin-right: 10px !important;margin-left: 10px !important;}&#8221;][vc_column][vc_empty_space height=&#8221;50px&#8221; alter_height=&#8221;medium&#8221; hide_on_mobile=&#8221;1&#8243;]<div id=\"sc_title_1286945852\"\r\n\t\tclass=\"sc_title color_style_default sc_title_alter\"><h5 class=\"sc_item_title sc_title_title sc_align_left sc_item_title_style_alter sc_item_title_tag\">Un paradis \u00e0 port\u00e9e de main<\/h5><div class=\"sc_item_descr sc_title_descr sc_align_left\"><p>D\u00e9couvrez des criques idylliques accessibles uniquement par la mer, des recoins cach\u00e9s et des eaux cristallines qui feront de votre journ\u00e9e une exp\u00e9rience inoubliable.<\/p>\n<\/div><div class=\"sc_item_button sc_item_button_default sc_title_button sc_align_left sc_button_wrap sc_align_left\"><a href=\"https:\/\/www.llauts.com\/rutas-de-interes\/\" id=\"sc_button_74138310\" class=\"sc_button color_style_default sc_button_default sc_button_size_normal sc_button_icon_left\"><span class=\"sc_button_text\"><span class=\"sc_button_title\">Descubre<\/span><\/span><!-- \/.sc_button_text --><\/a><!-- \/.sc_button --><\/div><!-- \/.sc_item_button sc_item_button_default sc_title_button sc_align_left --><\/div><!-- \/.sc_title -->[vc_masonry_grid post_type=&#8221;post&#8221; max_items=&#8221;4&#8243; style=&#8221;load-more&#8221; items_per_page=&#8221;4&#8243; element_width=&#8221;3&#8243; gap=&#8221;10&#8243; item=&#8221;10682&#8243; initial_loading_animation=&#8221;none&#8221; css=&#8221;&#8221; grid_id=&#8221;vc_gid:1773306190104-bf2b2ee6-e083-4&#8243; taxonomies=&#8221;121&#8243;][\/vc_column][\/vc_row][vc_row css=&#8221;.vc_custom_1771288052478{margin-right: 10px !important;margin-left: 10px !important;}&#8221;][vc_column]<div id=\"sc_title_937875574\"\r\n\t\tclass=\"sc_title color_style_default sc_title_alter\"><h5 class=\"sc_item_title sc_title_title sc_align_left sc_item_title_style_alter sc_item_title_tag\">Venez nous rendre visite !<\/h5><div class=\"sc_item_descr sc_title_descr sc_align_left\"><p>Rendez-nous visite \u00e0 notre bureau de Puerto Andratx et d\u00e9couvrez notre s\u00e9lection de bateaux, ainsi que nos recommandations avis\u00e9es sur les meilleurs endroits pour jeter l'ancre le long de la c\u00f4te.<\/p>\n<\/div><\/div><!-- \/.sc_title -->[vc_goo_maps location=&#8221;Llauts, Andratx Boats Charter&#8221; zoom=&#8221;16&#8243; css=&#8221;&#8221;][\/vc_column][\/vc_row][vc_row row_title=&#8221;EXPERIENCIAS \u00daNICAS&#8221;][vc_column width=&#8221;1\/2&#8243;][\/vc_column][vc_column width=&#8221;1\/2&#8243;][\/vc_column][\/vc_row][vc_row][vc_column][vc_raw_html css=&#8221;&#8221;]JTNDc3R5bGUlM0UlMEElMjAlMjAlMjAlMjAudmNfZ3JpZC1pdGVtJTNBaG92ZXIlMjAlN0IlMEElMjAlMjAlMjAlMjBib3gtc2hhZG93JTNBJTIwMCUyMDEwcHglMjAyMHB4JTIwcmdiYSUyODAlMkMlMjAwJTJDJTIwMCUyQyUyMDAuMjUlMjklM0IlMEElMjAlMjAlMjAlMjB0cmFuc2Zvcm0lM0ElMjB0cmFuc2xhdGVZJTI4LThweCUyOSUzQiUwQSU3RCUwQSUzQyUyRnN0eWxlJTNF[\/vc_raw_html][\/vc_column][\/vc_row][vc_row][vc_column][\/vc_column][\/vc_row][vc_row css=&#8221;.vc_custom_1771667972732{margin-right: 10px !important;margin-left: 10px !important;}&#8221;][vc_column][\/vc_column][\/vc_row]<\/p>\n<\/div>","protected":false},"excerpt":{"rendered":"<p>[vc_row top_padding=&#8221;20&#8243;][vc_column][rev_slider_vc alias=&#8221;pvideo&#8221;][\/vc_column][vc_column][vc_separator color=&#8221;white&#8221; css=&#8221;&#8221;][\/vc_column][\/vc_row][vc_row css=&#8221;.vc_custom_1771284795011{margin-right: 5px !important;margin-left: 5px !important;}&#8221;][vc_column][vc_basic_grid post_type=&#8221;post&#8221; max_items=&#8221;20&#8243; gap=&#8221;10&#8243; orderby=&#8221;meta_value&#8221; item=&#8221;10359&#8243; css=&#8221;&#8221; grid_id=&#8221;vc_gid:1773306190099-11fb9d75-128a-8&#8243; taxonomies=&#8221;13, 11, 14, 12&#8243; meta_key=&#8221;eslora&#8221;][vc_empty_space height=&#8221;50px&#8221; hide_on_mobile=&#8221;1&#8243;][vc_row_inner][vc_column_inner width=&#8221;1\/2&#8243;][\/vc_column_inner][vc_column_inner width=&#8221;1\/2&#8243;][vc_column_text css=&#8221;&#8221;] Nous sommes une soci\u00e9t\u00e9 de location et de vente de bateaux bas\u00e9e \u00e0&hellip;<\/p>\n","protected":false},"author":1,"featured_media":0,"parent":0,"menu_order":0,"comment_status":"closed","ping_status":"closed","template":"","meta":{"_acf_changed":false,"footnotes":""},"class_list":["post-165","page","type-page","status-publish","placeholder-for-hentry"],"acf":[],"yoast_head":"<!-- This site is optimized with the Yoast SEO plugin v27.4 - https:\/\/yoast.com\/product\/yoast-seo-wordpress\/ -->\n<title>Home - Llauts.com<\/title>\n<meta name=\"robots\" content=\"index, follow, max-snippet:-1, max-image-preview:large, max-video-preview:-1\" \/>\n<link rel=\"canonical\" href=\"https:\/\/www.llauts.com\/fr\/\" \/>\n<meta property=\"og:locale\" content=\"fr_FR\" \/>\n<meta property=\"og:type\" content=\"article\" \/>\n<meta property=\"og:title\" content=\"Home - Llauts.com\" \/>\n<meta property=\"og:description\" content=\"[vc_row top_padding=&#8221;20&#8243;][vc_column][rev_slider_vc alias=&#8221;pvideo&#8221;][\/vc_column][vc_column][vc_separator color=&#8221;white&#8221; css=&#8221;&#8221;][\/vc_column][\/vc_row][vc_row css=&#8221;.vc_custom_1771284795011{margin-right: 5px !important;margin-left: 5px !important;}&#8221;][vc_column][vc_basic_grid post_type=&#8221;post&#8221; max_items=&#8221;20&#8243; gap=&#8221;10&#8243; orderby=&#8221;meta_value&#8221; item=&#8221;10359&#8243; css=&#8221;&#8221; grid_id=&#8221;vc_gid:1773306190099-11fb9d75-128a-8&#8243; taxonomies=&#8221;13, 11, 14, 12&#8243; meta_key=&#8221;eslora&#8221;][vc_empty_space height=&#8221;50px&#8221; hide_on_mobile=&#8221;1&#8243;][vc_row_inner][vc_column_inner width=&#8221;1\/2&#8243;][\/vc_column_inner][vc_column_inner width=&#8221;1\/2&#8243;][vc_column_text css=&#8221;&#8221;] Nous sommes une soci\u00e9t\u00e9 de location et de vente de bateaux bas\u00e9e \u00e0&hellip;\" \/>\n<meta property=\"og:url\" content=\"https:\/\/www.llauts.com\/fr\/\" \/>\n<meta property=\"og:site_name\" content=\"Llauts.com\" \/>\n<meta property=\"article:publisher\" content=\"https:\/\/www.facebook.com\/Llauts-Charter-Port-Andratx-253872008116573\/\" \/>\n<meta property=\"article:modified_time\" content=\"2026-03-12T09:03:53+00:00\" \/>\n<meta property=\"og:image\" content=\"https:\/\/www.llauts.com\/wp-content\/uploads\/2018\/01\/cropped-logo_png-1.png\" \/>\n\t<meta property=\"og:image:width\" content=\"170\" \/>\n\t<meta property=\"og:image:height\" content=\"66\" \/>\n\t<meta property=\"og:image:type\" content=\"image\/png\" \/>\n<meta name=\"twitter:card\" content=\"summary_large_image\" \/>\n<script type=\"application\/ld+json\" class=\"yoast-schema-graph\">{\"@context\":\"https:\\\/\\\/schema.org\",\"@graph\":[{\"@type\":\"WebPage\",\"@id\":\"https:\\\/\\\/www.llauts.com\\\/fr\\\/\",\"url\":\"https:\\\/\\\/www.llauts.com\\\/fr\\\/\",\"name\":\"Home - Llauts.com\",\"isPartOf\":{\"@id\":\"https:\\\/\\\/www.llauts.com\\\/#website\"},\"datePublished\":\"2018-01-19T10:48:22+00:00\",\"dateModified\":\"2026-03-12T09:03:53+00:00\",\"breadcrumb\":{\"@id\":\"https:\\\/\\\/www.llauts.com\\\/fr\\\/#breadcrumb\"},\"inLanguage\":\"fr-FR\",\"potentialAction\":[{\"@type\":\"ReadAction\",\"target\":[\"https:\\\/\\\/www.llauts.com\\\/fr\\\/\"]}]},{\"@type\":\"BreadcrumbList\",\"@id\":\"https:\\\/\\\/www.llauts.com\\\/fr\\\/#breadcrumb\",\"itemListElement\":[{\"@type\":\"ListItem\",\"position\":1,\"name\":\"Portada\",\"item\":\"https:\\\/\\\/www.llauts.com\\\/fr\\\/\"},{\"@type\":\"ListItem\",\"position\":2,\"name\":\"Home\"}]},{\"@type\":\"WebSite\",\"@id\":\"https:\\\/\\\/www.llauts.com\\\/#website\",\"url\":\"https:\\\/\\\/www.llauts.com\\\/\",\"name\":\"Llauts.com\",\"description\":\"Alquiler y venta de barcos Puerto d&#039;Andratx\",\"publisher\":{\"@id\":\"https:\\\/\\\/www.llauts.com\\\/#organization\"},\"inLanguage\":\"fr-FR\"},{\"@type\":\"Organization\",\"@id\":\"https:\\\/\\\/www.llauts.com\\\/#organization\",\"name\":\"Llauts.com\",\"url\":\"https:\\\/\\\/www.llauts.com\\\/\",\"logo\":{\"@type\":\"ImageObject\",\"inLanguage\":\"fr-FR\",\"@id\":\"https:\\\/\\\/www.llauts.com\\\/#\\\/schema\\\/logo\\\/image\\\/\",\"url\":\"https:\\\/\\\/www.llauts.com\\\/wp-content\\\/uploads\\\/2026\\\/02\\\/logo_llauts_1982.png\",\"contentUrl\":\"https:\\\/\\\/www.llauts.com\\\/wp-content\\\/uploads\\\/2026\\\/02\\\/logo_llauts_1982.png\",\"width\":1536,\"height\":1024,\"caption\":\"Llauts.com\"},\"image\":{\"@id\":\"https:\\\/\\\/www.llauts.com\\\/#\\\/schema\\\/logo\\\/image\\\/\"},\"sameAs\":[\"https:\\\/\\\/www.facebook.com\\\/Llauts-Charter-Port-Andratx-253872008116573\\\/\",\"https:\\\/\\\/www.instagram.com\\\/llautsboats\\\/\"]}]}<\/script>\n<!-- \/ Yoast SEO plugin. -->","yoast_head_json":{"title":"Home - Llauts.com","robots":{"index":"index","follow":"follow","max-snippet":"max-snippet:-1","max-image-preview":"max-image-preview:large","max-video-preview":"max-video-preview:-1"},"canonical":"https:\/\/www.llauts.com\/fr\/","og_locale":"fr_FR","og_type":"article","og_title":"Home - Llauts.com","og_description":"[vc_row top_padding=&#8221;20&#8243;][vc_column][rev_slider_vc alias=&#8221;pvideo&#8221;][\/vc_column][vc_column][vc_separator color=&#8221;white&#8221; css=&#8221;&#8221;][\/vc_column][\/vc_row][vc_row css=&#8221;.vc_custom_1771284795011{margin-right: 5px !important;margin-left: 5px !important;}&#8221;][vc_column][vc_basic_grid post_type=&#8221;post&#8221; max_items=&#8221;20&#8243; gap=&#8221;10&#8243; orderby=&#8221;meta_value&#8221; item=&#8221;10359&#8243; css=&#8221;&#8221; grid_id=&#8221;vc_gid:1773306190099-11fb9d75-128a-8&#8243; taxonomies=&#8221;13, 11, 14, 12&#8243; meta_key=&#8221;eslora&#8221;][vc_empty_space height=&#8221;50px&#8221; hide_on_mobile=&#8221;1&#8243;][vc_row_inner][vc_column_inner width=&#8221;1\/2&#8243;][\/vc_column_inner][vc_column_inner width=&#8221;1\/2&#8243;][vc_column_text css=&#8221;&#8221;] Nous sommes une soci\u00e9t\u00e9 de location et de vente de bateaux bas\u00e9e \u00e0&hellip;","og_url":"https:\/\/www.llauts.com\/fr\/","og_site_name":"Llauts.com","article_publisher":"https:\/\/www.facebook.com\/Llauts-Charter-Port-Andratx-253872008116573\/","article_modified_time":"2026-03-12T09:03:53+00:00","og_image":[{"width":170,"height":66,"url":"https:\/\/www.llauts.com\/wp-content\/uploads\/2018\/01\/cropped-logo_png-1.png","type":"image\/png"}],"twitter_card":"summary_large_image","schema":{"@context":"https:\/\/schema.org","@graph":[{"@type":"WebPage","@id":"https:\/\/www.llauts.com\/fr\/","url":"https:\/\/www.llauts.com\/fr\/","name":"Home - Llauts.com","isPartOf":{"@id":"https:\/\/www.llauts.com\/#website"},"datePublished":"2018-01-19T10:48:22+00:00","dateModified":"2026-03-12T09:03:53+00:00","breadcrumb":{"@id":"https:\/\/www.llauts.com\/fr\/#breadcrumb"},"inLanguage":"fr-FR","potentialAction":[{"@type":"ReadAction","target":["https:\/\/www.llauts.com\/fr\/"]}]},{"@type":"BreadcrumbList","@id":"https:\/\/www.llauts.com\/fr\/#breadcrumb","itemListElement":[{"@type":"ListItem","position":1,"name":"Portada","item":"https:\/\/www.llauts.com\/fr\/"},{"@type":"ListItem","position":2,"name":"Home"}]},{"@type":"WebSite","@id":"https:\/\/www.llauts.com\/#website","url":"https:\/\/www.llauts.com\/","name":"Llauts.com","description":"Alquiler y venta de barcos Puerto d&#039;Andratx","publisher":{"@id":"https:\/\/www.llauts.com\/#organization"},"inLanguage":"fr-FR"},{"@type":"Organization","@id":"https:\/\/www.llauts.com\/#organization","name":"Llauts.com","url":"https:\/\/www.llauts.com\/","logo":{"@type":"ImageObject","inLanguage":"fr-FR","@id":"https:\/\/www.llauts.com\/#\/schema\/logo\/image\/","url":"https:\/\/www.llauts.com\/wp-content\/uploads\/2026\/02\/logo_llauts_1982.png","contentUrl":"https:\/\/www.llauts.com\/wp-content\/uploads\/2026\/02\/logo_llauts_1982.png","width":1536,"height":1024,"caption":"Llauts.com"},"image":{"@id":"https:\/\/www.llauts.com\/#\/schema\/logo\/image\/"},"sameAs":["https:\/\/www.facebook.com\/Llauts-Charter-Port-Andratx-253872008116573\/","https:\/\/www.instagram.com\/llautsboats\/"]}]}},"_links":{"self":[{"href":"https:\/\/www.llauts.com\/fr\/wp-json\/wp\/v2\/pages\/165","targetHints":{"allow":["GET"]}}],"collection":[{"href":"https:\/\/www.llauts.com\/fr\/wp-json\/wp\/v2\/pages"}],"about":[{"href":"https:\/\/www.llauts.com\/fr\/wp-json\/wp\/v2\/types\/page"}],"author":[{"embeddable":true,"href":"https:\/\/www.llauts.com\/fr\/wp-json\/wp\/v2\/users\/1"}],"replies":[{"embeddable":true,"href":"https:\/\/www.llauts.com\/fr\/wp-json\/wp\/v2\/comments?post=165"}],"version-history":[{"count":0,"href":"https:\/\/www.llauts.com\/fr\/wp-json\/wp\/v2\/pages\/165\/revisions"}],"wp:attachment":[{"href":"https:\/\/www.llauts.com\/fr\/wp-json\/wp\/v2\/media?parent=165"}],"curies":[{"name":"wp","href":"https:\/\/api.w.org\/{rel}","templated":true}]}}