{"id":1535,"date":"2018-01-23T12:12:13","date_gmt":"2018-01-23T11:12:13","guid":{"rendered":"http:\/\/www.llauts.com\/con-licencia\/"},"modified":"2026-03-10T12:10:29","modified_gmt":"2026-03-10T11:10:29","slug":"avec-licence","status":"publish","type":"page","link":"https:\/\/www.llauts.com\/fr\/avec-licence\/","title":{"rendered":"Avec Licence"},"content":{"rendered":"<div class=\"wpb-content-wrapper\"><p>[vc_row][vc_column]<div class=\"cq-parallaxcontainer \"  data-speed=\"\" data-coverratio=\"\" data-holderminheight=\"\" data-holdermaxheight=\"\" data-extraheight=\"\" data-target=\"\"><div class=\"cq-parallaximage\" data-image=\"https:\/\/www.llauts.com\/wp-content\/uploads\/2023\/04\/CobaltA29_8.jpg\" data-width=\"1920\" data-height=\"1280\" data-image-mobile=\"https:\/\/www.llauts.com\/wp-content\/uploads\/2023\/04\/CobaltA29_8-640x427.jpg\" data-link=\"\"><\/div><section class=\"cq-parallaxsection\" style=\"color:#333;background:#FFF;padding:2% 5%;\"><\/p>\n<p><\/section><\/div><div id=\"sc_title_335530836\"\r\n\t\tclass=\"sc_title color_style_default sc_title_alter  vc_custom_1772642610420\"><h5 class=\"sc_item_title sc_title_title sc_align_center sc_item_title_style_alter sc_item_title_tag\">Location de bateaux avec qualification nautique<\/h5><div class=\"sc_item_descr sc_title_descr sc_align_center\"><p>Voici nos bateaux dont la location n\u00e9cessite un permis de navigation. Si vous poss\u00e9dez un permis bateau de base (Titul\u00edn, PNB, PER, qualifications sup\u00e9rieures ou \u00e9quivalent), vous pouvez prendre la barre et vivre une exp\u00e9rience de navigation unique en toute autonomie.<\/p>\n<p>Notre flotte est soigneusement s\u00e9lectionn\u00e9e pour vous offrir des bateaux de haute qualit\u00e9, performants, confortables et impeccablement entretenus. Que vous souhaitiez passer une journ\u00e9e de d\u00e9tente \u00e0 explorer les criques ou profiter d'une exp\u00e9rience de navigation plus dynamique, vous trouverez le bateau id\u00e9al pour vos projets en mer.<\/p>\n<p>Pour finaliser votre r\u00e9servation, vous pouvez consulter la fiche d\u00e9taill\u00e9e de chaque bateau : caract\u00e9ristiques techniques, capacit\u00e9, \u00e9quipements et disponibilit\u00e9s. Vous pouvez \u00e9galement nous contacter directement par t\u00e9l\u00e9phone ; notre \u00e9quipe se fera un plaisir de vous conseiller.<\/p>\n<p>Tous nos bateaux sont \u00e9quip\u00e9s du mat\u00e9riel de s\u00e9curit\u00e9 obligatoire selon la r\u00e9glementation en vigueur, garantissant une navigation s\u00fbre et conforme \u00e0 la loi. Nous vous fournirons \u00e9galement les instructions n\u00e9cessaires pour que vous puissiez profiter pleinement de votre sortie en toute s\u00e9r\u00e9nit\u00e9. Si vous souhaitez agr\u00e9menter votre exp\u00e9rience, vous pouvez \u00e9galement vous renseigner sur la disponibilit\u00e9 d'\u00e9quipements suppl\u00e9mentaires ou d'activit\u00e9s nautiques pour rendre votre journ\u00e9e en mer encore plus compl\u00e8te.<\/p>\n<\/div><\/div><!-- \/.sc_title -->[vc_basic_grid post_type=&#8221;post&#8221; max_items=&#8221;15&#8243; orderby=&#8221;meta_value&#8221; item=&#8221;11414&#8243; css=&#8221;.vc_custom_1773141024698{margin-right: 10px !important;margin-left: 10px !important;}&#8221; grid_id=&#8221;vc_gid:1773141009772-15e97cd8-c6ff-5&#8243; taxonomies=&#8221;13, 12, 14&#8243; meta_key=&#8221;eslora&#8221;][vc_raw_html css=&#8221;&#8221;]JTNDc3R5bGUlM0UlMEElMjAlMjAlMjAlMjAudmNfZ3JpZC1pdGVtJTNBaG92ZXIlMjAlN0IlMEElMjAlMjAlMjAlMjBib3gtc2hhZG93JTNBJTIwMCUyMDIwcHglMjA1MHB4JTIwcmdiYSUyODAlMkMlMjAwJTJDJTIwMCUyQyUyMDAuMjUlMjklM0IlMEElMjAlMjAlMjAlMjB0cmFuc2Zvcm0lM0ElMjB0cmFuc2xhdGVZJTI4LThweCUyOSUzQiUwQSU3RCUwQSUzQyUyRnN0eWxlJTNF[\/vc_raw_html][\/vc_column][\/vc_row]<\/p>\n<\/div>","protected":false},"excerpt":{"rendered":"<p>[vc_row][vc_column][vc_basic_grid post_type=&#8221;post&#8221; max_items=&#8221;15&#8243; orderby=&#8221;meta_value&#8221; item=&#8221;11414&#8243; css=&#8221;.vc_custom_1773141024698{margin-right: 10px !important;margin-left: 10px !important;}&#8221; grid_id=&#8221;vc_gid:1773141009772-15e97cd8-c6ff-5&#8243; taxonomies=&#8221;13, 12, 14&#8243; meta_key=&#8221;eslora&#8221;][vc_raw_html css=&#8221;&#8221;]JTNDc3R5bGUlM0UlMEElMjAlMjAlMjAlMjAudmNfZ3JpZC1pdGVtJTNBaG92ZXIlMjAlN0IlMEElMjAlMjAlMjAlMjBib3gtc2hhZG93JTNBJTIwMCUyMDIwcHglMjA1MHB4JTIwcmdiYSUyODAlMkMlMjAwJTJDJTIwMCUyQyUyMDAuMjUlMjklM0IlMEElMjAlMjAlMjAlMjB0cmFuc2Zvcm0lM0ElMjB0cmFuc2xhdGVZJTI4LThweCUyOSUzQiUwQSU3RCUwQSUzQyUyRnN0eWxlJTNF[\/vc_raw_html][\/vc_column][\/vc_row]<\/p>\n","protected":false},"author":1,"featured_media":0,"parent":0,"menu_order":0,"comment_status":"closed","ping_status":"closed","template":"","meta":{"_acf_changed":false,"footnotes":""},"class_list":["post-1535","page","type-page","status-publish","placeholder-for-hentry"],"acf":[],"yoast_head":"<!-- This site is optimized with the Yoast SEO plugin v27.4 - https:\/\/yoast.com\/product\/yoast-seo-wordpress\/ -->\n<title>Avec Licence - Llauts.com<\/title>\n<meta name=\"robots\" content=\"index, follow, max-snippet:-1, max-image-preview:large, max-video-preview:-1\" \/>\n<link rel=\"canonical\" href=\"https:\/\/www.llauts.com\/con-licencia\/\" \/>\n<meta property=\"og:locale\" content=\"fr_FR\" \/>\n<meta property=\"og:type\" content=\"article\" \/>\n<meta property=\"og:title\" content=\"Avec Licence - Llauts.com\" \/>\n<meta property=\"og:description\" content=\"[vc_row][vc_column][vc_basic_grid post_type=&#8221;post&#8221; max_items=&#8221;15&#8243; orderby=&#8221;meta_value&#8221; item=&#8221;11414&#8243; css=&#8221;.vc_custom_1773141024698{margin-right: 10px !important;margin-left: 10px !important;}&#8221; grid_id=&#8221;vc_gid:1773141009772-15e97cd8-c6ff-5&#8243; taxonomies=&#8221;13, 12, 14&#8243; meta_key=&#8221;eslora&#8221;][vc_raw_html css=&#8221;&#8221;]JTNDc3R5bGUlM0UlMEElMjAlMjAlMjAlMjAudmNfZ3JpZC1pdGVtJTNBaG92ZXIlMjAlN0IlMEElMjAlMjAlMjAlMjBib3gtc2hhZG93JTNBJTIwMCUyMDIwcHglMjA1MHB4JTIwcmdiYSUyODAlMkMlMjAwJTJDJTIwMCUyQyUyMDAuMjUlMjklM0IlMEElMjAlMjAlMjAlMjB0cmFuc2Zvcm0lM0ElMjB0cmFuc2xhdGVZJTI4LThweCUyOSUzQiUwQSU3RCUwQSUzQyUyRnN0eWxlJTNF[\/vc_raw_html][\/vc_column][\/vc_row]\" \/>\n<meta property=\"og:url\" content=\"https:\/\/www.llauts.com\/con-licencia\/\" \/>\n<meta property=\"og:site_name\" content=\"Llauts.com\" \/>\n<meta property=\"article:publisher\" content=\"https:\/\/www.facebook.com\/Llauts-Charter-Port-Andratx-253872008116573\/\" \/>\n<meta property=\"article:modified_time\" content=\"2026-03-10T11:10:29+00:00\" \/>\n<meta property=\"og:image\" content=\"https:\/\/www.llauts.com\/wp-content\/uploads\/2018\/01\/cropped-logo_png-1.png\" \/>\n\t<meta property=\"og:image:width\" content=\"170\" \/>\n\t<meta property=\"og:image:height\" content=\"66\" \/>\n\t<meta property=\"og:image:type\" content=\"image\/png\" \/>\n<meta name=\"twitter:card\" content=\"summary_large_image\" \/>\n<script type=\"application\/ld+json\" class=\"yoast-schema-graph\">{\"@context\":\"https:\\\/\\\/schema.org\",\"@graph\":[{\"@type\":\"WebPage\",\"@id\":\"https:\\\/\\\/www.llauts.com\\\/con-licencia\\\/\",\"url\":\"https:\\\/\\\/www.llauts.com\\\/con-licencia\\\/\",\"name\":\"Avec Licence - Llauts.com\",\"isPartOf\":{\"@id\":\"https:\\\/\\\/www.llauts.com\\\/#website\"},\"datePublished\":\"2018-01-23T11:12:13+00:00\",\"dateModified\":\"2026-03-10T11:10:29+00:00\",\"breadcrumb\":{\"@id\":\"https:\\\/\\\/www.llauts.com\\\/con-licencia\\\/#breadcrumb\"},\"inLanguage\":\"fr-FR\",\"potentialAction\":[{\"@type\":\"ReadAction\",\"target\":[\"https:\\\/\\\/www.llauts.com\\\/con-licencia\\\/\"]}]},{\"@type\":\"BreadcrumbList\",\"@id\":\"https:\\\/\\\/www.llauts.com\\\/con-licencia\\\/#breadcrumb\",\"itemListElement\":[{\"@type\":\"ListItem\",\"position\":1,\"name\":\"Portada\",\"item\":\"https:\\\/\\\/www.llauts.com\\\/fr\\\/\"},{\"@type\":\"ListItem\",\"position\":2,\"name\":\"Avec Licence\"}]},{\"@type\":\"WebSite\",\"@id\":\"https:\\\/\\\/www.llauts.com\\\/#website\",\"url\":\"https:\\\/\\\/www.llauts.com\\\/\",\"name\":\"Llauts.com\",\"description\":\"Alquiler y venta de barcos Puerto d&#039;Andratx\",\"publisher\":{\"@id\":\"https:\\\/\\\/www.llauts.com\\\/#organization\"},\"inLanguage\":\"fr-FR\"},{\"@type\":\"Organization\",\"@id\":\"https:\\\/\\\/www.llauts.com\\\/#organization\",\"name\":\"Llauts.com\",\"url\":\"https:\\\/\\\/www.llauts.com\\\/\",\"logo\":{\"@type\":\"ImageObject\",\"inLanguage\":\"fr-FR\",\"@id\":\"https:\\\/\\\/www.llauts.com\\\/#\\\/schema\\\/logo\\\/image\\\/\",\"url\":\"https:\\\/\\\/www.llauts.com\\\/wp-content\\\/uploads\\\/2026\\\/02\\\/logo_llauts_1982.png\",\"contentUrl\":\"https:\\\/\\\/www.llauts.com\\\/wp-content\\\/uploads\\\/2026\\\/02\\\/logo_llauts_1982.png\",\"width\":1536,\"height\":1024,\"caption\":\"Llauts.com\"},\"image\":{\"@id\":\"https:\\\/\\\/www.llauts.com\\\/#\\\/schema\\\/logo\\\/image\\\/\"},\"sameAs\":[\"https:\\\/\\\/www.facebook.com\\\/Llauts-Charter-Port-Andratx-253872008116573\\\/\",\"https:\\\/\\\/www.instagram.com\\\/llautsboats\\\/\"]}]}<\/script>\n<!-- \/ Yoast SEO plugin. -->","yoast_head_json":{"title":"Avec Licence - Llauts.com","robots":{"index":"index","follow":"follow","max-snippet":"max-snippet:-1","max-image-preview":"max-image-preview:large","max-video-preview":"max-video-preview:-1"},"canonical":"https:\/\/www.llauts.com\/con-licencia\/","og_locale":"fr_FR","og_type":"article","og_title":"Avec Licence - Llauts.com","og_description":"[vc_row][vc_column][vc_basic_grid post_type=&#8221;post&#8221; max_items=&#8221;15&#8243; orderby=&#8221;meta_value&#8221; item=&#8221;11414&#8243; css=&#8221;.vc_custom_1773141024698{margin-right: 10px !important;margin-left: 10px !important;}&#8221; grid_id=&#8221;vc_gid:1773141009772-15e97cd8-c6ff-5&#8243; taxonomies=&#8221;13, 12, 14&#8243; meta_key=&#8221;eslora&#8221;][vc_raw_html css=&#8221;&#8221;]JTNDc3R5bGUlM0UlMEElMjAlMjAlMjAlMjAudmNfZ3JpZC1pdGVtJTNBaG92ZXIlMjAlN0IlMEElMjAlMjAlMjAlMjBib3gtc2hhZG93JTNBJTIwMCUyMDIwcHglMjA1MHB4JTIwcmdiYSUyODAlMkMlMjAwJTJDJTIwMCUyQyUyMDAuMjUlMjklM0IlMEElMjAlMjAlMjAlMjB0cmFuc2Zvcm0lM0ElMjB0cmFuc2xhdGVZJTI4LThweCUyOSUzQiUwQSU3RCUwQSUzQyUyRnN0eWxlJTNF[\/vc_raw_html][\/vc_column][\/vc_row]","og_url":"https:\/\/www.llauts.com\/con-licencia\/","og_site_name":"Llauts.com","article_publisher":"https:\/\/www.facebook.com\/Llauts-Charter-Port-Andratx-253872008116573\/","article_modified_time":"2026-03-10T11:10:29+00:00","og_image":[{"width":170,"height":66,"url":"https:\/\/www.llauts.com\/wp-content\/uploads\/2018\/01\/cropped-logo_png-1.png","type":"image\/png"}],"twitter_card":"summary_large_image","schema":{"@context":"https:\/\/schema.org","@graph":[{"@type":"WebPage","@id":"https:\/\/www.llauts.com\/con-licencia\/","url":"https:\/\/www.llauts.com\/con-licencia\/","name":"Avec Licence - Llauts.com","isPartOf":{"@id":"https:\/\/www.llauts.com\/#website"},"datePublished":"2018-01-23T11:12:13+00:00","dateModified":"2026-03-10T11:10:29+00:00","breadcrumb":{"@id":"https:\/\/www.llauts.com\/con-licencia\/#breadcrumb"},"inLanguage":"fr-FR","potentialAction":[{"@type":"ReadAction","target":["https:\/\/www.llauts.com\/con-licencia\/"]}]},{"@type":"BreadcrumbList","@id":"https:\/\/www.llauts.com\/con-licencia\/#breadcrumb","itemListElement":[{"@type":"ListItem","position":1,"name":"Portada","item":"https:\/\/www.llauts.com\/fr\/"},{"@type":"ListItem","position":2,"name":"Avec Licence"}]},{"@type":"WebSite","@id":"https:\/\/www.llauts.com\/#website","url":"https:\/\/www.llauts.com\/","name":"Llauts.com","description":"Alquiler y venta de barcos Puerto d&#039;Andratx","publisher":{"@id":"https:\/\/www.llauts.com\/#organization"},"inLanguage":"fr-FR"},{"@type":"Organization","@id":"https:\/\/www.llauts.com\/#organization","name":"Llauts.com","url":"https:\/\/www.llauts.com\/","logo":{"@type":"ImageObject","inLanguage":"fr-FR","@id":"https:\/\/www.llauts.com\/#\/schema\/logo\/image\/","url":"https:\/\/www.llauts.com\/wp-content\/uploads\/2026\/02\/logo_llauts_1982.png","contentUrl":"https:\/\/www.llauts.com\/wp-content\/uploads\/2026\/02\/logo_llauts_1982.png","width":1536,"height":1024,"caption":"Llauts.com"},"image":{"@id":"https:\/\/www.llauts.com\/#\/schema\/logo\/image\/"},"sameAs":["https:\/\/www.facebook.com\/Llauts-Charter-Port-Andratx-253872008116573\/","https:\/\/www.instagram.com\/llautsboats\/"]}]}},"_links":{"self":[{"href":"https:\/\/www.llauts.com\/fr\/wp-json\/wp\/v2\/pages\/1535","targetHints":{"allow":["GET"]}}],"collection":[{"href":"https:\/\/www.llauts.com\/fr\/wp-json\/wp\/v2\/pages"}],"about":[{"href":"https:\/\/www.llauts.com\/fr\/wp-json\/wp\/v2\/types\/page"}],"author":[{"embeddable":true,"href":"https:\/\/www.llauts.com\/fr\/wp-json\/wp\/v2\/users\/1"}],"replies":[{"embeddable":true,"href":"https:\/\/www.llauts.com\/fr\/wp-json\/wp\/v2\/comments?post=1535"}],"version-history":[{"count":0,"href":"https:\/\/www.llauts.com\/fr\/wp-json\/wp\/v2\/pages\/1535\/revisions"}],"wp:attachment":[{"href":"https:\/\/www.llauts.com\/fr\/wp-json\/wp\/v2\/media?parent=1535"}],"curies":[{"name":"wp","href":"https:\/\/api.w.org\/{rel}","templated":true}]}}