{"id":5376,"date":"2019-01-07T19:11:50","date_gmt":"2019-01-07T18:11:50","guid":{"rendered":"https:\/\/www.llauts.com\/condiciones-legales\/"},"modified":"2019-01-07T19:15:34","modified_gmt":"2019-01-07T18:15:34","slug":"condiciones-legales","status":"publish","type":"page","link":"https:\/\/www.llauts.com\/de\/condiciones-legales\/","title":{"rendered":"Condiciones legales"},"content":{"rendered":"<h4> Zahlungsarten <\/h4>\n<p>Die Reservierung kann mit einer Kreditkarte \u00fcber den sicheren Server unseres Zahlungsgateways bezahlt werden.<br \/>\nNachdem Sie die Reservierungsinformationen eingegeben haben, leitet das Programm Sie auf die sichere Webseite mit der Unterschrift des Zahlungsgateways weiter, auf der Sie die Details Ihrer Karte angeben.<\/p>\n<p>Wichtig: Am Ende des Vorgangs werden Sie auf der Seite unseres Zahlungsgateways zu unserer Website zur\u00fcckgeleitet, auf der Sie den Buchungsvorgang abschlie\u00dfen.<\/p>\n<p>Unser Zahlungsgateway verwendet SSL-Technologie zum Schutz Ihrer Daten. Wenn Sie eine Zahlung \u00fcber dieses Gateway senden, erh\u00e4lt der Empf\u00e4nger keine sensiblen Finanzdaten wie Kreditkartennummer oder Kontonummer. Auf diese Weise m\u00fcssen Sie sich keine Sorgen machen, wenn Sie Leute bezahlen, die Sie nicht kennen.<\/p>\n<p>Betrug mit einer Kreditkarte ist eine Straftat, und www.llauts.com wird rechtliche Schritte gegen jeden einleiten, der eine betr\u00fcgerische Transaktion auf unserer Website durchf\u00fchrt.<\/p>\n<p>Sie k\u00f6nnen den Gesamtbetrag Ihrer Bestellung immer im letzten Schritt der Best\u00e4tigung der Reservierung \u00fcberpr\u00fcfen.<\/p>\n<p>Die im Abonnementformular angegebene E-Mail-Adresse wird verwendet, um Ihnen Informationen zu Neuigkeiten, Produkten und Sonderangeboten zu senden, die sich auf www.llauts.com beziehen<\/p>\n<p>Die Rechnungsinformationen werden nur f\u00fcr die Vermietung des Bootes verwendet. Diese Informationen werden weder zu kommerziellen Zwecken verwendet noch an Dritte weitergegeben.<\/p>\n<p>Die auf www.llauts.com angegebenen Preise k\u00f6nnen ge\u00e4ndert und ge\u00e4ndert werden, wenn die Bedingungen dies erfordern.<\/p>\n","protected":false},"excerpt":{"rendered":"<p>Zahlungsarten Die Reservierung kann mit einer Kreditkarte \u00fcber den sicheren Server unseres Zahlungsgateways bezahlt werden. Nachdem Sie die Reservierungsinformationen eingegeben haben, leitet das Programm Sie auf die sichere Webseite mit der Unterschrift des Zahlungsgateways weiter, auf der Sie die Details&hellip;<\/p>\n","protected":false},"author":1,"featured_media":0,"parent":0,"menu_order":0,"comment_status":"closed","ping_status":"closed","template":"","meta":{"_acf_changed":false,"footnotes":""},"class_list":["post-5376","page","type-page","status-publish","placeholder-for-hentry"],"acf":[],"yoast_head":"<!-- This site is optimized with the Yoast SEO plugin v27.3 - https:\/\/yoast.com\/product\/yoast-seo-wordpress\/ -->\n<title>Condiciones legales - Llauts.com<\/title>\n<meta name=\"robots\" content=\"index, follow, max-snippet:-1, max-image-preview:large, max-video-preview:-1\" \/>\n<link rel=\"canonical\" href=\"https:\/\/www.llauts.com\/condiciones-legales\/\" \/>\n<meta property=\"og:locale\" content=\"de_DE\" \/>\n<meta property=\"og:type\" content=\"article\" \/>\n<meta property=\"og:title\" content=\"Condiciones legales - Llauts.com\" \/>\n<meta property=\"og:description\" content=\"Zahlungsarten Die Reservierung kann mit einer Kreditkarte \u00fcber den sicheren Server unseres Zahlungsgateways bezahlt werden. Nachdem Sie die Reservierungsinformationen eingegeben haben, leitet das Programm Sie auf die sichere Webseite mit der Unterschrift des Zahlungsgateways weiter, auf der Sie die Details&hellip;\" \/>\n<meta property=\"og:url\" content=\"https:\/\/www.llauts.com\/condiciones-legales\/\" \/>\n<meta property=\"og:site_name\" content=\"Llauts.com\" \/>\n<meta property=\"article:publisher\" content=\"https:\/\/www.facebook.com\/Llauts-Charter-Port-Andratx-253872008116573\/\" \/>\n<meta property=\"article:modified_time\" content=\"2019-01-07T18:15:34+00:00\" \/>\n<meta property=\"og:image\" content=\"https:\/\/www.llauts.com\/wp-content\/uploads\/2018\/01\/cropped-logo_png-1.png\" \/>\n\t<meta property=\"og:image:width\" content=\"170\" \/>\n\t<meta property=\"og:image:height\" content=\"66\" \/>\n\t<meta property=\"og:image:type\" content=\"image\/png\" \/>\n<meta name=\"twitter:card\" content=\"summary_large_image\" \/>\n<script type=\"application\/ld+json\" class=\"yoast-schema-graph\">{\"@context\":\"https:\\\/\\\/schema.org\",\"@graph\":[{\"@type\":\"WebPage\",\"@id\":\"https:\\\/\\\/www.llauts.com\\\/condiciones-legales\\\/\",\"url\":\"https:\\\/\\\/www.llauts.com\\\/condiciones-legales\\\/\",\"name\":\"Condiciones legales - Llauts.com\",\"isPartOf\":{\"@id\":\"https:\\\/\\\/www.llauts.com\\\/#website\"},\"datePublished\":\"2019-01-07T18:11:50+00:00\",\"dateModified\":\"2019-01-07T18:15:34+00:00\",\"breadcrumb\":{\"@id\":\"https:\\\/\\\/www.llauts.com\\\/condiciones-legales\\\/#breadcrumb\"},\"inLanguage\":\"de-DE\",\"potentialAction\":[{\"@type\":\"ReadAction\",\"target\":[\"https:\\\/\\\/www.llauts.com\\\/condiciones-legales\\\/\"]}]},{\"@type\":\"BreadcrumbList\",\"@id\":\"https:\\\/\\\/www.llauts.com\\\/condiciones-legales\\\/#breadcrumb\",\"itemListElement\":[{\"@type\":\"ListItem\",\"position\":1,\"name\":\"Portada\",\"item\":\"https:\\\/\\\/www.llauts.com\\\/de\\\/\"},{\"@type\":\"ListItem\",\"position\":2,\"name\":\"Condiciones legales\"}]},{\"@type\":\"WebSite\",\"@id\":\"https:\\\/\\\/www.llauts.com\\\/#website\",\"url\":\"https:\\\/\\\/www.llauts.com\\\/\",\"name\":\"Llauts.com\",\"description\":\"Alquiler y venta de barcos Puerto d&#039;Andratx\",\"publisher\":{\"@id\":\"https:\\\/\\\/www.llauts.com\\\/#organization\"},\"inLanguage\":\"de-DE\"},{\"@type\":\"Organization\",\"@id\":\"https:\\\/\\\/www.llauts.com\\\/#organization\",\"name\":\"Llauts.com\",\"url\":\"https:\\\/\\\/www.llauts.com\\\/\",\"logo\":{\"@type\":\"ImageObject\",\"inLanguage\":\"de-DE\",\"@id\":\"https:\\\/\\\/www.llauts.com\\\/#\\\/schema\\\/logo\\\/image\\\/\",\"url\":\"https:\\\/\\\/www.llauts.com\\\/wp-content\\\/uploads\\\/2026\\\/02\\\/logo_llauts_1982.png\",\"contentUrl\":\"https:\\\/\\\/www.llauts.com\\\/wp-content\\\/uploads\\\/2026\\\/02\\\/logo_llauts_1982.png\",\"width\":1536,\"height\":1024,\"caption\":\"Llauts.com\"},\"image\":{\"@id\":\"https:\\\/\\\/www.llauts.com\\\/#\\\/schema\\\/logo\\\/image\\\/\"},\"sameAs\":[\"https:\\\/\\\/www.facebook.com\\\/Llauts-Charter-Port-Andratx-253872008116573\\\/\",\"https:\\\/\\\/www.instagram.com\\\/llautsboats\\\/\"]}]}<\/script>\n<!-- \/ Yoast SEO plugin. -->","yoast_head_json":{"title":"Condiciones legales - Llauts.com","robots":{"index":"index","follow":"follow","max-snippet":"max-snippet:-1","max-image-preview":"max-image-preview:large","max-video-preview":"max-video-preview:-1"},"canonical":"https:\/\/www.llauts.com\/condiciones-legales\/","og_locale":"de_DE","og_type":"article","og_title":"Condiciones legales - Llauts.com","og_description":"Zahlungsarten Die Reservierung kann mit einer Kreditkarte \u00fcber den sicheren Server unseres Zahlungsgateways bezahlt werden. Nachdem Sie die Reservierungsinformationen eingegeben haben, leitet das Programm Sie auf die sichere Webseite mit der Unterschrift des Zahlungsgateways weiter, auf der Sie die Details&hellip;","og_url":"https:\/\/www.llauts.com\/condiciones-legales\/","og_site_name":"Llauts.com","article_publisher":"https:\/\/www.facebook.com\/Llauts-Charter-Port-Andratx-253872008116573\/","article_modified_time":"2019-01-07T18:15:34+00:00","og_image":[{"width":170,"height":66,"url":"https:\/\/www.llauts.com\/wp-content\/uploads\/2018\/01\/cropped-logo_png-1.png","type":"image\/png"}],"twitter_card":"summary_large_image","schema":{"@context":"https:\/\/schema.org","@graph":[{"@type":"WebPage","@id":"https:\/\/www.llauts.com\/condiciones-legales\/","url":"https:\/\/www.llauts.com\/condiciones-legales\/","name":"Condiciones legales - Llauts.com","isPartOf":{"@id":"https:\/\/www.llauts.com\/#website"},"datePublished":"2019-01-07T18:11:50+00:00","dateModified":"2019-01-07T18:15:34+00:00","breadcrumb":{"@id":"https:\/\/www.llauts.com\/condiciones-legales\/#breadcrumb"},"inLanguage":"de-DE","potentialAction":[{"@type":"ReadAction","target":["https:\/\/www.llauts.com\/condiciones-legales\/"]}]},{"@type":"BreadcrumbList","@id":"https:\/\/www.llauts.com\/condiciones-legales\/#breadcrumb","itemListElement":[{"@type":"ListItem","position":1,"name":"Portada","item":"https:\/\/www.llauts.com\/de\/"},{"@type":"ListItem","position":2,"name":"Condiciones legales"}]},{"@type":"WebSite","@id":"https:\/\/www.llauts.com\/#website","url":"https:\/\/www.llauts.com\/","name":"Llauts.com","description":"Alquiler y venta de barcos Puerto d&#039;Andratx","publisher":{"@id":"https:\/\/www.llauts.com\/#organization"},"inLanguage":"de-DE"},{"@type":"Organization","@id":"https:\/\/www.llauts.com\/#organization","name":"Llauts.com","url":"https:\/\/www.llauts.com\/","logo":{"@type":"ImageObject","inLanguage":"de-DE","@id":"https:\/\/www.llauts.com\/#\/schema\/logo\/image\/","url":"https:\/\/www.llauts.com\/wp-content\/uploads\/2026\/02\/logo_llauts_1982.png","contentUrl":"https:\/\/www.llauts.com\/wp-content\/uploads\/2026\/02\/logo_llauts_1982.png","width":1536,"height":1024,"caption":"Llauts.com"},"image":{"@id":"https:\/\/www.llauts.com\/#\/schema\/logo\/image\/"},"sameAs":["https:\/\/www.facebook.com\/Llauts-Charter-Port-Andratx-253872008116573\/","https:\/\/www.instagram.com\/llautsboats\/"]}]}},"_links":{"self":[{"href":"https:\/\/www.llauts.com\/de\/wp-json\/wp\/v2\/pages\/5376","targetHints":{"allow":["GET"]}}],"collection":[{"href":"https:\/\/www.llauts.com\/de\/wp-json\/wp\/v2\/pages"}],"about":[{"href":"https:\/\/www.llauts.com\/de\/wp-json\/wp\/v2\/types\/page"}],"author":[{"embeddable":true,"href":"https:\/\/www.llauts.com\/de\/wp-json\/wp\/v2\/users\/1"}],"replies":[{"embeddable":true,"href":"https:\/\/www.llauts.com\/de\/wp-json\/wp\/v2\/comments?post=5376"}],"version-history":[{"count":0,"href":"https:\/\/www.llauts.com\/de\/wp-json\/wp\/v2\/pages\/5376\/revisions"}],"wp:attachment":[{"href":"https:\/\/www.llauts.com\/de\/wp-json\/wp\/v2\/media?parent=5376"}],"curies":[{"name":"wp","href":"https:\/\/api.w.org\/{rel}","templated":true}]}}