{"id":4343,"date":"2018-05-10T16:06:08","date_gmt":"2018-05-10T15:06:08","guid":{"rendered":"https:\/\/www.llauts.com\/?page_id=4343"},"modified":"2020-05-15T11:26:16","modified_gmt":"2020-05-15T10:26:16","slug":"mit-kapitan","status":"publish","type":"page","link":"https:\/\/www.llauts.com\/de\/mit-kapitan\/","title":{"rendered":"Mit Kapit\u00e4n"},"content":{"rendered":"<div class=\"wpb-content-wrapper\"><p>[vc_row][vc_column][vc_empty_space][title]Boote mit Kapit\u00e4n[\/title][vc_column_text]Wir haben folgende Boote mit Kapit\u00e4n. Mit umfangreicher Erfahrung werden unsere Kapit\u00e4ne Sie zu den besten Buchten bringen und einen unvergesslichen Tag genie\u00dfen.[\/vc_column_text][vc_masonry_grid post_type=&#8221;post&#8221; max_items=&#8221;10&#8243; item=&#8221;1866&#8243; grid_id=&#8221;vc_gid:1589538316680-b102701c-6911-0&#8243; taxonomies=&#8221;64&#8243;][vc_raw_html]JTNDc3R5bGUlM0UlMEElMEEubGFiZWwlMjAlMjAlN0IlMEElMjAlMjAlMjAlMjAlMEElMjAlMjAlMjAlMjBkaXNwbGF5JTNBJTIwbm9uZSUzQiUwQSUyMCUyMCUyMCUwQSU3RCUwQSUzQyUyRnN0eWxlJTNF[\/vc_raw_html][\/vc_column][\/vc_row]<\/p>\n<\/div>","protected":false},"excerpt":{"rendered":"<p>[vc_row][vc_column][vc_empty_space][title]Boote mit Kapit\u00e4n[\/title][vc_column_text]Wir haben folgende Boote mit Kapit\u00e4n. Mit umfangreicher Erfahrung werden unsere Kapit\u00e4ne Sie zu den besten Buchten bringen und einen unvergesslichen Tag genie\u00dfen.[\/vc_column_text][vc_masonry_grid post_type=&#8221;post&#8221; max_items=&#8221;10&#8243; item=&#8221;1866&#8243; grid_id=&#8221;vc_gid:1589538316680-b102701c-6911-0&#8243; taxonomies=&#8221;64&#8243;][vc_raw_html]JTNDc3R5bGUlM0UlMEElMEEubGFiZWwlMjAlMjAlN0IlMEElMjAlMjAlMjAlMjAlMEElMjAlMjAlMjAlMjBkaXNwbGF5JTNBJTIwbm9uZSUzQiUwQSUyMCUyMCUyMCUwQSU3RCUwQSUzQyUyRnN0eWxlJTNF[\/vc_raw_html][\/vc_column][\/vc_row]<\/p>\n","protected":false},"author":1,"featured_media":0,"parent":0,"menu_order":0,"comment_status":"closed","ping_status":"closed","template":"","meta":{"_acf_changed":false,"footnotes":""},"class_list":["post-4343","page","type-page","status-publish","placeholder-for-hentry"],"acf":[],"yoast_head":"<!-- This site is optimized with the Yoast SEO plugin v27.4 - https:\/\/yoast.com\/product\/yoast-seo-wordpress\/ -->\n<title>Mit Kapit\u00e4n - Llauts.com<\/title>\n<meta name=\"robots\" content=\"index, follow, max-snippet:-1, max-image-preview:large, max-video-preview:-1\" \/>\n<link rel=\"canonical\" href=\"https:\/\/www.llauts.com\/con-capitan\/\" \/>\n<meta property=\"og:locale\" content=\"de_DE\" \/>\n<meta property=\"og:type\" content=\"article\" \/>\n<meta property=\"og:title\" content=\"Mit Kapit\u00e4n - Llauts.com\" \/>\n<meta property=\"og:description\" content=\"[vc_row][vc_column][vc_empty_space][title]Boote mit Kapit\u00e4n[\/title][vc_column_text]Wir haben folgende Boote mit Kapit\u00e4n. Mit umfangreicher Erfahrung werden unsere Kapit\u00e4ne Sie zu den besten Buchten bringen und einen unvergesslichen Tag genie\u00dfen.[\/vc_column_text][vc_masonry_grid post_type=&#8221;post&#8221; max_items=&#8221;10&#8243; item=&#8221;1866&#8243; grid_id=&#8221;vc_gid:1589538316680-b102701c-6911-0&#8243; taxonomies=&#8221;64&#8243;][vc_raw_html]JTNDc3R5bGUlM0UlMEElMEEubGFiZWwlMjAlMjAlN0IlMEElMjAlMjAlMjAlMjAlMEElMjAlMjAlMjAlMjBkaXNwbGF5JTNBJTIwbm9uZSUzQiUwQSUyMCUyMCUyMCUwQSU3RCUwQSUzQyUyRnN0eWxlJTNF[\/vc_raw_html][\/vc_column][\/vc_row]\" \/>\n<meta property=\"og:url\" content=\"https:\/\/www.llauts.com\/con-capitan\/\" \/>\n<meta property=\"og:site_name\" content=\"Llauts.com\" \/>\n<meta property=\"article:publisher\" content=\"https:\/\/www.facebook.com\/Llauts-Charter-Port-Andratx-253872008116573\/\" \/>\n<meta property=\"article:modified_time\" content=\"2020-05-15T10:26:16+00:00\" \/>\n<meta property=\"og:image\" content=\"https:\/\/www.llauts.com\/wp-content\/uploads\/2018\/01\/cropped-logo_png-1.png\" \/>\n\t<meta property=\"og:image:width\" content=\"170\" \/>\n\t<meta property=\"og:image:height\" content=\"66\" \/>\n\t<meta property=\"og:image:type\" content=\"image\/png\" \/>\n<meta name=\"twitter:card\" content=\"summary_large_image\" \/>\n<script type=\"application\/ld+json\" class=\"yoast-schema-graph\">{\"@context\":\"https:\\\/\\\/schema.org\",\"@graph\":[{\"@type\":\"WebPage\",\"@id\":\"https:\\\/\\\/www.llauts.com\\\/con-capitan\\\/\",\"url\":\"https:\\\/\\\/www.llauts.com\\\/con-capitan\\\/\",\"name\":\"Mit Kapit\u00e4n - Llauts.com\",\"isPartOf\":{\"@id\":\"https:\\\/\\\/www.llauts.com\\\/#website\"},\"datePublished\":\"2018-05-10T15:06:08+00:00\",\"dateModified\":\"2020-05-15T10:26:16+00:00\",\"breadcrumb\":{\"@id\":\"https:\\\/\\\/www.llauts.com\\\/con-capitan\\\/#breadcrumb\"},\"inLanguage\":\"de-DE\",\"potentialAction\":[{\"@type\":\"ReadAction\",\"target\":[\"https:\\\/\\\/www.llauts.com\\\/con-capitan\\\/\"]}]},{\"@type\":\"BreadcrumbList\",\"@id\":\"https:\\\/\\\/www.llauts.com\\\/con-capitan\\\/#breadcrumb\",\"itemListElement\":[{\"@type\":\"ListItem\",\"position\":1,\"name\":\"Portada\",\"item\":\"https:\\\/\\\/www.llauts.com\\\/de\\\/\"},{\"@type\":\"ListItem\",\"position\":2,\"name\":\"Mit Kapit\u00e4n\"}]},{\"@type\":\"WebSite\",\"@id\":\"https:\\\/\\\/www.llauts.com\\\/#website\",\"url\":\"https:\\\/\\\/www.llauts.com\\\/\",\"name\":\"Llauts.com\",\"description\":\"Alquiler y venta de barcos Puerto d&#039;Andratx\",\"publisher\":{\"@id\":\"https:\\\/\\\/www.llauts.com\\\/#organization\"},\"inLanguage\":\"de-DE\"},{\"@type\":\"Organization\",\"@id\":\"https:\\\/\\\/www.llauts.com\\\/#organization\",\"name\":\"Llauts.com\",\"url\":\"https:\\\/\\\/www.llauts.com\\\/\",\"logo\":{\"@type\":\"ImageObject\",\"inLanguage\":\"de-DE\",\"@id\":\"https:\\\/\\\/www.llauts.com\\\/#\\\/schema\\\/logo\\\/image\\\/\",\"url\":\"https:\\\/\\\/www.llauts.com\\\/wp-content\\\/uploads\\\/2026\\\/02\\\/logo_llauts_1982.png\",\"contentUrl\":\"https:\\\/\\\/www.llauts.com\\\/wp-content\\\/uploads\\\/2026\\\/02\\\/logo_llauts_1982.png\",\"width\":1536,\"height\":1024,\"caption\":\"Llauts.com\"},\"image\":{\"@id\":\"https:\\\/\\\/www.llauts.com\\\/#\\\/schema\\\/logo\\\/image\\\/\"},\"sameAs\":[\"https:\\\/\\\/www.facebook.com\\\/Llauts-Charter-Port-Andratx-253872008116573\\\/\",\"https:\\\/\\\/www.instagram.com\\\/llautsboats\\\/\"]}]}<\/script>\n<!-- \/ Yoast SEO plugin. -->","yoast_head_json":{"title":"Mit Kapit\u00e4n - Llauts.com","robots":{"index":"index","follow":"follow","max-snippet":"max-snippet:-1","max-image-preview":"max-image-preview:large","max-video-preview":"max-video-preview:-1"},"canonical":"https:\/\/www.llauts.com\/con-capitan\/","og_locale":"de_DE","og_type":"article","og_title":"Mit Kapit\u00e4n - Llauts.com","og_description":"[vc_row][vc_column][vc_empty_space][title]Boote mit Kapit\u00e4n[\/title][vc_column_text]Wir haben folgende Boote mit Kapit\u00e4n. Mit umfangreicher Erfahrung werden unsere Kapit\u00e4ne Sie zu den besten Buchten bringen und einen unvergesslichen Tag genie\u00dfen.[\/vc_column_text][vc_masonry_grid post_type=&#8221;post&#8221; max_items=&#8221;10&#8243; item=&#8221;1866&#8243; grid_id=&#8221;vc_gid:1589538316680-b102701c-6911-0&#8243; taxonomies=&#8221;64&#8243;][vc_raw_html]JTNDc3R5bGUlM0UlMEElMEEubGFiZWwlMjAlMjAlN0IlMEElMjAlMjAlMjAlMjAlMEElMjAlMjAlMjAlMjBkaXNwbGF5JTNBJTIwbm9uZSUzQiUwQSUyMCUyMCUyMCUwQSU3RCUwQSUzQyUyRnN0eWxlJTNF[\/vc_raw_html][\/vc_column][\/vc_row]","og_url":"https:\/\/www.llauts.com\/con-capitan\/","og_site_name":"Llauts.com","article_publisher":"https:\/\/www.facebook.com\/Llauts-Charter-Port-Andratx-253872008116573\/","article_modified_time":"2020-05-15T10:26:16+00:00","og_image":[{"width":170,"height":66,"url":"https:\/\/www.llauts.com\/wp-content\/uploads\/2018\/01\/cropped-logo_png-1.png","type":"image\/png"}],"twitter_card":"summary_large_image","schema":{"@context":"https:\/\/schema.org","@graph":[{"@type":"WebPage","@id":"https:\/\/www.llauts.com\/con-capitan\/","url":"https:\/\/www.llauts.com\/con-capitan\/","name":"Mit Kapit\u00e4n - Llauts.com","isPartOf":{"@id":"https:\/\/www.llauts.com\/#website"},"datePublished":"2018-05-10T15:06:08+00:00","dateModified":"2020-05-15T10:26:16+00:00","breadcrumb":{"@id":"https:\/\/www.llauts.com\/con-capitan\/#breadcrumb"},"inLanguage":"de-DE","potentialAction":[{"@type":"ReadAction","target":["https:\/\/www.llauts.com\/con-capitan\/"]}]},{"@type":"BreadcrumbList","@id":"https:\/\/www.llauts.com\/con-capitan\/#breadcrumb","itemListElement":[{"@type":"ListItem","position":1,"name":"Portada","item":"https:\/\/www.llauts.com\/de\/"},{"@type":"ListItem","position":2,"name":"Mit Kapit\u00e4n"}]},{"@type":"WebSite","@id":"https:\/\/www.llauts.com\/#website","url":"https:\/\/www.llauts.com\/","name":"Llauts.com","description":"Alquiler y venta de barcos Puerto d&#039;Andratx","publisher":{"@id":"https:\/\/www.llauts.com\/#organization"},"inLanguage":"de-DE"},{"@type":"Organization","@id":"https:\/\/www.llauts.com\/#organization","name":"Llauts.com","url":"https:\/\/www.llauts.com\/","logo":{"@type":"ImageObject","inLanguage":"de-DE","@id":"https:\/\/www.llauts.com\/#\/schema\/logo\/image\/","url":"https:\/\/www.llauts.com\/wp-content\/uploads\/2026\/02\/logo_llauts_1982.png","contentUrl":"https:\/\/www.llauts.com\/wp-content\/uploads\/2026\/02\/logo_llauts_1982.png","width":1536,"height":1024,"caption":"Llauts.com"},"image":{"@id":"https:\/\/www.llauts.com\/#\/schema\/logo\/image\/"},"sameAs":["https:\/\/www.facebook.com\/Llauts-Charter-Port-Andratx-253872008116573\/","https:\/\/www.instagram.com\/llautsboats\/"]}]}},"_links":{"self":[{"href":"https:\/\/www.llauts.com\/de\/wp-json\/wp\/v2\/pages\/4343","targetHints":{"allow":["GET"]}}],"collection":[{"href":"https:\/\/www.llauts.com\/de\/wp-json\/wp\/v2\/pages"}],"about":[{"href":"https:\/\/www.llauts.com\/de\/wp-json\/wp\/v2\/types\/page"}],"author":[{"embeddable":true,"href":"https:\/\/www.llauts.com\/de\/wp-json\/wp\/v2\/users\/1"}],"replies":[{"embeddable":true,"href":"https:\/\/www.llauts.com\/de\/wp-json\/wp\/v2\/comments?post=4343"}],"version-history":[{"count":0,"href":"https:\/\/www.llauts.com\/de\/wp-json\/wp\/v2\/pages\/4343\/revisions"}],"wp:attachment":[{"href":"https:\/\/www.llauts.com\/de\/wp-json\/wp\/v2\/media?parent=4343"}],"curies":[{"name":"wp","href":"https:\/\/api.w.org\/{rel}","templated":true}]}}