{"id":3126,"date":"2018-01-17T13:33:45","date_gmt":"2018-01-17T12:33:45","guid":{"rendered":"http:\/\/www.llauts.com\/nosotros\/"},"modified":"2026-03-11T20:37:42","modified_gmt":"2026-03-11T19:37:42","slug":"ueber-uns","status":"publish","type":"page","link":"https:\/\/www.llauts.com\/de\/ueber-uns\/","title":{"rendered":"\u00dcber uns"},"content":{"rendered":"<div class=\"wpb-content-wrapper\"><p>[vc_row][vc_column][vc_column_text css=&#8221;&#8221;]<\/p>\n<p style=\"text-align: center;\"><strong>Llauts<\/strong> ist ein Bootsvermieter mit Sitz in <strong>Andratx, Majorca (Spanien). <\/strong><\/p>\n<p style=\"text-align: center;\">1982 gegr\u00fcndet, bietet es seit Jahrzehnten unvergessliche Erlebnisse f\u00fcr diejenigen, die das Mittelmeer genie\u00dfen wollen.<\/p>\n<p style=\"text-align: center;\"><strong>Wir vermieten Boote <\/strong>, die <a href=\"https:\/\/www.llauts.com\/de\/ohne-fuhrerschein\/\"> keine Zertifizierung erfordern<\/a> und gr\u00f6\u00dfere und leistungsf\u00e4higere Schiffe, die die entsprechende <a href=\"https:\/\/www.llauts.com\/de\/sportbootfuehrerschein\/\"> Marinezertifizierung <\/a>.<\/p>\n<p style=\"text-align: center;\">Wir haben auch <strong>Bootsverk\u00e4ufe <\/strong>. Gegenw\u00e4rtig haben wir <a href=\"https:\/\/www.llauts.com\/de\/verkauf-von-motorbooten\/\"> Schnellboote <\/a> mit verschiedenen L\u00e4ngen und Nennleistungen sowie <a href=\"https:\/\/www.llauts.com\/de\/verkauf-von-fiber-llauts\/\">Faserlla\u00fcts<\/a> und <a href=\"https:\/\/www.llauts.com\/de\/verkauf-von-holz-llauts\/\">aus Holz<\/a><\/p>\n<p>[\/vc_column_text][vc_single_image image=&#8221;3114&#8243; img_size=&#8221;large&#8221; alignment=&#8221;right&#8221; style=&#8221;vc_box_border&#8221; onclick=&#8221;zoom&#8221; css=&#8221;&#8221;][vc_single_image image=&#8221;3113&#8243; img_size=&#8221;large&#8221; alignment=&#8221;center&#8221; style=&#8221;vc_box_border&#8221; onclick=&#8221;zoom&#8221; css=&#8221;&#8221;][\/vc_column][\/vc_row]<\/p>\n<\/div>","protected":false},"excerpt":{"rendered":"<p>[vc_row][vc_column][vc_column_text css=&#8221;&#8221;] Llauts ist ein Bootsvermieter mit Sitz in Andratx, Majorca (Spanien). 1982 gegr\u00fcndet, bietet es seit Jahrzehnten unvergessliche Erlebnisse f\u00fcr diejenigen, die das Mittelmeer genie\u00dfen wollen. Wir vermieten Boote , die keine Zertifizierung erfordern und gr\u00f6\u00dfere und leistungsf\u00e4higere Schiffe,&hellip;<\/p>\n","protected":false},"author":1,"featured_media":0,"parent":0,"menu_order":0,"comment_status":"closed","ping_status":"closed","template":"","meta":{"_acf_changed":false,"footnotes":""},"class_list":["post-3126","page","type-page","status-publish","placeholder-for-hentry"],"acf":[],"yoast_head":"<!-- This site is optimized with the Yoast SEO plugin v27.4 - https:\/\/yoast.com\/product\/yoast-seo-wordpress\/ -->\n<title>\u00dcber uns - Llauts.com<\/title>\n<meta name=\"robots\" content=\"index, follow, max-snippet:-1, max-image-preview:large, max-video-preview:-1\" \/>\n<link rel=\"canonical\" href=\"https:\/\/www.llauts.com\/nosotros\/\" \/>\n<meta property=\"og:locale\" content=\"de_DE\" \/>\n<meta property=\"og:type\" content=\"article\" \/>\n<meta property=\"og:title\" content=\"\u00dcber uns - Llauts.com\" \/>\n<meta property=\"og:description\" content=\"[vc_row][vc_column][vc_column_text css=&#8221;&#8221;] Llauts ist ein Bootsvermieter mit Sitz in Andratx, Majorca (Spanien). 1982 gegr\u00fcndet, bietet es seit Jahrzehnten unvergessliche Erlebnisse f\u00fcr diejenigen, die das Mittelmeer genie\u00dfen wollen. Wir vermieten Boote , die keine Zertifizierung erfordern und gr\u00f6\u00dfere und leistungsf\u00e4higere Schiffe,&hellip;\" \/>\n<meta property=\"og:url\" content=\"https:\/\/www.llauts.com\/nosotros\/\" \/>\n<meta property=\"og:site_name\" content=\"Llauts.com\" \/>\n<meta property=\"article:publisher\" content=\"https:\/\/www.facebook.com\/Llauts-Charter-Port-Andratx-253872008116573\/\" \/>\n<meta property=\"article:modified_time\" content=\"2026-03-11T19:37:42+00:00\" \/>\n<meta property=\"og:image\" content=\"https:\/\/www.llauts.com\/wp-content\/uploads\/2018\/01\/cropped-logo_png-1.png\" \/>\n\t<meta property=\"og:image:width\" content=\"170\" \/>\n\t<meta property=\"og:image:height\" content=\"66\" \/>\n\t<meta property=\"og:image:type\" content=\"image\/png\" \/>\n<meta name=\"twitter:card\" content=\"summary_large_image\" \/>\n<script type=\"application\/ld+json\" class=\"yoast-schema-graph\">{\"@context\":\"https:\\\/\\\/schema.org\",\"@graph\":[{\"@type\":\"WebPage\",\"@id\":\"https:\\\/\\\/www.llauts.com\\\/nosotros\\\/\",\"url\":\"https:\\\/\\\/www.llauts.com\\\/nosotros\\\/\",\"name\":\"\u00dcber uns - Llauts.com\",\"isPartOf\":{\"@id\":\"https:\\\/\\\/www.llauts.com\\\/#website\"},\"datePublished\":\"2018-01-17T12:33:45+00:00\",\"dateModified\":\"2026-03-11T19:37:42+00:00\",\"breadcrumb\":{\"@id\":\"https:\\\/\\\/www.llauts.com\\\/nosotros\\\/#breadcrumb\"},\"inLanguage\":\"de-DE\",\"potentialAction\":[{\"@type\":\"ReadAction\",\"target\":[\"https:\\\/\\\/www.llauts.com\\\/nosotros\\\/\"]}]},{\"@type\":\"BreadcrumbList\",\"@id\":\"https:\\\/\\\/www.llauts.com\\\/nosotros\\\/#breadcrumb\",\"itemListElement\":[{\"@type\":\"ListItem\",\"position\":1,\"name\":\"Portada\",\"item\":\"https:\\\/\\\/www.llauts.com\\\/de\\\/\"},{\"@type\":\"ListItem\",\"position\":2,\"name\":\"\u00dcber uns\"}]},{\"@type\":\"WebSite\",\"@id\":\"https:\\\/\\\/www.llauts.com\\\/#website\",\"url\":\"https:\\\/\\\/www.llauts.com\\\/\",\"name\":\"Llauts.com\",\"description\":\"Alquiler y venta de barcos Puerto d&#039;Andratx\",\"publisher\":{\"@id\":\"https:\\\/\\\/www.llauts.com\\\/#organization\"},\"inLanguage\":\"de-DE\"},{\"@type\":\"Organization\",\"@id\":\"https:\\\/\\\/www.llauts.com\\\/#organization\",\"name\":\"Llauts.com\",\"url\":\"https:\\\/\\\/www.llauts.com\\\/\",\"logo\":{\"@type\":\"ImageObject\",\"inLanguage\":\"de-DE\",\"@id\":\"https:\\\/\\\/www.llauts.com\\\/#\\\/schema\\\/logo\\\/image\\\/\",\"url\":\"https:\\\/\\\/www.llauts.com\\\/wp-content\\\/uploads\\\/2026\\\/02\\\/logo_llauts_1982.png\",\"contentUrl\":\"https:\\\/\\\/www.llauts.com\\\/wp-content\\\/uploads\\\/2026\\\/02\\\/logo_llauts_1982.png\",\"width\":1536,\"height\":1024,\"caption\":\"Llauts.com\"},\"image\":{\"@id\":\"https:\\\/\\\/www.llauts.com\\\/#\\\/schema\\\/logo\\\/image\\\/\"},\"sameAs\":[\"https:\\\/\\\/www.facebook.com\\\/Llauts-Charter-Port-Andratx-253872008116573\\\/\",\"https:\\\/\\\/www.instagram.com\\\/llautsboats\\\/\"]}]}<\/script>\n<!-- \/ Yoast SEO plugin. -->","yoast_head_json":{"title":"\u00dcber uns - Llauts.com","robots":{"index":"index","follow":"follow","max-snippet":"max-snippet:-1","max-image-preview":"max-image-preview:large","max-video-preview":"max-video-preview:-1"},"canonical":"https:\/\/www.llauts.com\/nosotros\/","og_locale":"de_DE","og_type":"article","og_title":"\u00dcber uns - Llauts.com","og_description":"[vc_row][vc_column][vc_column_text css=&#8221;&#8221;] Llauts ist ein Bootsvermieter mit Sitz in Andratx, Majorca (Spanien). 1982 gegr\u00fcndet, bietet es seit Jahrzehnten unvergessliche Erlebnisse f\u00fcr diejenigen, die das Mittelmeer genie\u00dfen wollen. Wir vermieten Boote , die keine Zertifizierung erfordern und gr\u00f6\u00dfere und leistungsf\u00e4higere Schiffe,&hellip;","og_url":"https:\/\/www.llauts.com\/nosotros\/","og_site_name":"Llauts.com","article_publisher":"https:\/\/www.facebook.com\/Llauts-Charter-Port-Andratx-253872008116573\/","article_modified_time":"2026-03-11T19:37:42+00:00","og_image":[{"width":170,"height":66,"url":"https:\/\/www.llauts.com\/wp-content\/uploads\/2018\/01\/cropped-logo_png-1.png","type":"image\/png"}],"twitter_card":"summary_large_image","schema":{"@context":"https:\/\/schema.org","@graph":[{"@type":"WebPage","@id":"https:\/\/www.llauts.com\/nosotros\/","url":"https:\/\/www.llauts.com\/nosotros\/","name":"\u00dcber uns - Llauts.com","isPartOf":{"@id":"https:\/\/www.llauts.com\/#website"},"datePublished":"2018-01-17T12:33:45+00:00","dateModified":"2026-03-11T19:37:42+00:00","breadcrumb":{"@id":"https:\/\/www.llauts.com\/nosotros\/#breadcrumb"},"inLanguage":"de-DE","potentialAction":[{"@type":"ReadAction","target":["https:\/\/www.llauts.com\/nosotros\/"]}]},{"@type":"BreadcrumbList","@id":"https:\/\/www.llauts.com\/nosotros\/#breadcrumb","itemListElement":[{"@type":"ListItem","position":1,"name":"Portada","item":"https:\/\/www.llauts.com\/de\/"},{"@type":"ListItem","position":2,"name":"\u00dcber uns"}]},{"@type":"WebSite","@id":"https:\/\/www.llauts.com\/#website","url":"https:\/\/www.llauts.com\/","name":"Llauts.com","description":"Alquiler y venta de barcos Puerto d&#039;Andratx","publisher":{"@id":"https:\/\/www.llauts.com\/#organization"},"inLanguage":"de-DE"},{"@type":"Organization","@id":"https:\/\/www.llauts.com\/#organization","name":"Llauts.com","url":"https:\/\/www.llauts.com\/","logo":{"@type":"ImageObject","inLanguage":"de-DE","@id":"https:\/\/www.llauts.com\/#\/schema\/logo\/image\/","url":"https:\/\/www.llauts.com\/wp-content\/uploads\/2026\/02\/logo_llauts_1982.png","contentUrl":"https:\/\/www.llauts.com\/wp-content\/uploads\/2026\/02\/logo_llauts_1982.png","width":1536,"height":1024,"caption":"Llauts.com"},"image":{"@id":"https:\/\/www.llauts.com\/#\/schema\/logo\/image\/"},"sameAs":["https:\/\/www.facebook.com\/Llauts-Charter-Port-Andratx-253872008116573\/","https:\/\/www.instagram.com\/llautsboats\/"]}]}},"_links":{"self":[{"href":"https:\/\/www.llauts.com\/de\/wp-json\/wp\/v2\/pages\/3126","targetHints":{"allow":["GET"]}}],"collection":[{"href":"https:\/\/www.llauts.com\/de\/wp-json\/wp\/v2\/pages"}],"about":[{"href":"https:\/\/www.llauts.com\/de\/wp-json\/wp\/v2\/types\/page"}],"author":[{"embeddable":true,"href":"https:\/\/www.llauts.com\/de\/wp-json\/wp\/v2\/users\/1"}],"replies":[{"embeddable":true,"href":"https:\/\/www.llauts.com\/de\/wp-json\/wp\/v2\/comments?post=3126"}],"version-history":[{"count":0,"href":"https:\/\/www.llauts.com\/de\/wp-json\/wp\/v2\/pages\/3126\/revisions"}],"wp:attachment":[{"href":"https:\/\/www.llauts.com\/de\/wp-json\/wp\/v2\/media?parent=3126"}],"curies":[{"name":"wp","href":"https:\/\/api.w.org\/{rel}","templated":true}]}}