{"id":1755,"date":"2018-01-22T16:06:12","date_gmt":"2018-01-22T15:06:12","guid":{"rendered":"http:\/\/www.llauts.com\/faq\/"},"modified":"2018-07-25T09:01:14","modified_gmt":"2018-07-25T08:01:14","slug":"faq","status":"publish","type":"page","link":"https:\/\/www.llauts.com\/de\/faq\/","title":{"rendered":"FAQ"},"content":{"rendered":"<div class=\"wpb-content-wrapper\"><p>[vc_row][vc_column][vc_column_text]In diesem Abschnitt k\u00f6nnen Sie die h\u00e4ufig gestellten Fragen einsehen. Wenn Sie weitere Fragen haben, k\u00f6nnen Sie uns per E-Mail, Telefon, WhatsApp oder \u00fcber unser Kontaktformular <a href=\"http:\/\/www.llauts.com\/de\/contacto\/\">kontaktieren<\/a>.[\/vc_column_text][vc_toggle title=&#8221;Wie lange ist mein Bootsverleih?&#8221; color=&#8221;blue&#8221;]<strong> Vermietung ganzer Tage:<\/strong><\/p>\n<p>Normalerweise ist die Miete <strong> 8 Stunden \/ Tag.<\/strong><\/p>\n<p>Die \u00d6ffnungszeiten werden vom Kunden anhand der folgenden Parameter festgelegt:<\/p>\n<ul>\n<li><strong> Einchecken (Einchecken)<\/strong> &#8211; Beginn um 10 Uhr<\/li>\n<li><strong> Ausschiffung (check-out)<\/strong> &#8211; um 18 oder 18.30 Uhr vor der Schlie\u00dfung der Tankstelle zum Tanken.<\/li>\n<\/ul>\n<p><strong> Halbtagesvermietung<\/strong>:<\/p>\n<p>Von 10.00 bis 14.00 Uhr oder von 14.30 bis 18.30 Uhr.<\/p>\n<p><strong> Langzeitvermietung<\/strong>:<\/p>\n<p>Die Uhrzeit und der Tag des Check-In und Check-Out werden jeweils vorher festgelegt.<\/p>\n<p><strong> * Kein Mietboot ist Nachtnavigation erlaubt.<\/strong>[\/vc_toggle][vc_toggle title=&#8221;Was ist im Mietpreis eines Llauts Bootes enthalten?&#8221; color=&#8221;blue&#8221;]<\/p>\n<ul>\n<li>Mietpreis f\u00fcr Boote.<\/li>\n<li>An einer Boje festmachen<\/li>\n<li>Versicherung.<\/li>\n<\/ul>\n<p>[\/vc_toggle][vc_toggle title=&#8221;Was ist nicht im Mietpreis eines Llauts.com Bootes enthalten?&#8221; color=&#8221;blue&#8221;]Treibstoff plus optionale Extras.<\/p>\n<p><strong> * Treibstoff<\/strong>: Nach dem Segeltag geht der Kunde oder der Arbeitgeber zur Tankstelle, um den Kraftstofftank zu tanken, so wie er geladen wurde (voll).<\/p>\n<p><strong> * Wenn das Tanken an der Tankstelle nicht m\u00f6glich ist, werden die Navigationsstunden (Motorbetriebsstunden) berechnet und mit den Treibstoffstunden \/ Motorkosten jedes Bootsmodells multipliziert. Diese Zahlung erfolgt in bar \/ Visum an die verantwortliche Person in unserem B\u00fcro.<\/strong><\/p>\n<p><strong> * mehr optionale Extras<\/strong>. Ski, Doghnut, Wakeboard, Monoskii usw.<\/p>\n<p>Beispiel:<\/p>\n<p>2 Stunden Motor auf einem Boot, das 5 Liter \/ Stunde Diesel verbraucht:<\/p>\n<p>2 x 5 = 10 Liter x Diesel Liter Preis = Ergebnis.<\/p>\n<p><strong> Mustergeb\u00fchr<\/strong>:<\/p>\n<p>\u00dcberpr\u00fcfen Sie die Verf\u00fcgbarkeit und den Preis bei der Reservierung.<\/p>\n<p><strong> Bootsverleih ohne Skipper:<\/strong><\/p>\n<p>Bootsverleih ohne Skipper erfordert eine Kaution, die beim Check-in in bar oder per Visa hinterlegt wird und beim Check-out erstattet wird, wenn das Boot in einwandfreiem Zustand ist. Jedes Schiff hat, abh\u00e4ngig von seinem Wert, einen Betrag f\u00fcr diese Anleihe festgelegt (konsultieren Sie in jedem Fall).<\/p>\n<p><strong> Extras:<\/strong><\/p>\n<p>Andere Extras, die nicht im Mietpreis enthalten sind, wie Bettw\u00e4sche, Handt\u00fccher und andere Bettw\u00e4sche, werden bei jeder Anmietung im Voraus angegeben.<\/p>\n<p><strong> Liegepl\u00e4tze au\u00dferhalb des Hafens:<\/strong><\/p>\n<p>Liegepl\u00e4tze au\u00dferhalb des Basishafens jedes Schiffes sind vom Mietpreis ausgenommen und m\u00fcssen vom Kunden in jedem Fall reserviert und bezahlt werden.[\/vc_toggle][vc_toggle title=&#8221;Wie bucht man ein Boot auf Llauts.com?&#8221; color=&#8221;blue&#8221;]Es ist sehr einfach<\/p>\n<p>Sie k\u00f6nnen uns \u00fcber <strong> email, Telefon (+34 654 158 923), whatsApp <\/strong> kontaktieren, um Ihr Boot im Voraus zu buchen.<\/p>\n<p>Um Ihre Reservierung zu formalisieren, m\u00fcssen Sie eine <strong> Zahlung von 25% des Mietpreises <\/strong> entweder per Bank\u00fcberweisung oder indem Sie unser B\u00fcro mit Karte oder Bargeld besuchen. Die restlichen 75% werden am Tag des Einsteigens bezahlt, wenn das Einchecken des gew\u00e4hlten Schiffes formalisiert wird.<\/p>\n<p><strong> Mieten Sie ein Boot ohne Skipper: <\/strong> Es ist erlaubt, Boote ohne Skipper an alle zu mieten, die die erforderliche nautische Qualifikation f\u00fcr jeden Bootstyp haben, egal ob national oder international. Zum Zeitpunkt des Check-ins wird dies von der verantwortlichen Person verlangt.<\/p>\n<p><strong> F\u00fcr alle Anmietungen ohne Skipper ist eine Anzahlung erforderlich. <\/strong>[\/vc_toggle][vc_toggle title=&#8221;Stornierungen&#8221; color=&#8221;blue&#8221;]Konsultieren Sie in jedem Fall die Strafe, die das gew\u00e4hlte Boot f\u00fcr die Stornierung einer Reservierung haben k\u00f6nnte.<\/p>\n<p>Wenn die <strong> Wetterbedingungen ung\u00fcnstig sind <\/strong>, werden wir versuchen, das Mietdatum zu \u00e4ndern, und wenn dies nicht m\u00f6glich ist, wird der integrale Teil der Reservierung zur\u00fcckgegeben (100%).<\/p>\n<p>* <strong> Schlechtes Meer bedeutet die Unm\u00f6glichkeit, den Hafen aufgrund von Wetterursachen zu verlassen, die ein Risiko f\u00fcr das Schiff oder die Passage darstellen; dies gilt auch in F\u00e4llen von Starkregen <\/strong>, jedoch nicht an bew\u00f6lkten Tagen nicht Sonne[\/vc_toggle][vc_toggle title=&#8221;N\u00fctzlicher Rat&#8221; color=&#8221;blue&#8221;]Buchen Sie Ihr Boot auf <strong> Llauts.com <\/strong>. Dies garantiert Ihnen einen besseren Preis und die Verf\u00fcgbarkeit des gew\u00fcnschten Bootes w\u00e4hrend Ihres Urlaubs.<\/p>\n<p>Wenn Sie an Land aussteigen und essen m\u00f6chten, reservieren Sie im Voraus, in der Hochsaison die Restaurants in der Umgebung<\/p>\n<p>Es ist ratsam, <strong> Sonnenschutz und Sonnenbrille <\/strong> zu verwenden.<\/p>\n<p>\u00dcberpr\u00fcfen Sie immer die Wettervorhersage vor dem Segeln &#8211;<a href=\"https:\/\/www.llauts.com\/de\/meteorologische\/\">https:\/\/www.llauts.com\/de\/meteorologische\/<\/a><\/p>\n<p><a href=\"https:\/\/www.windguru.com\" target=\"_blank\" rel=\"noopener\"> www.windguru.com <\/a><\/p>\n<p>Sehen Sie sich unsere Bootsstrecke an, auf der wir verschiedene Routen und Ankerpl\u00e4tze vorschlagen.<\/p>\n<p>Planen Sie die Route je nachdem, wo der Wind am Tag der Charter weht, um gesch\u00fctzte und ruhige Ankerpl\u00e4tze zu finden, die Ihre Reise noch angenehmer machen.<\/p>\n<p>Wenn Sie planen, in einem anderen Hafen anzudocken als Ihr Boot, empfehlen wir, es mit der Zeit zu tun, in der Hochsaison gibt es eine gro\u00dfe Nachfrage und es ist oft schwierig einen Liegeplatz zu finden.[\/vc_toggle][\/vc_column][\/vc_row]<\/p>\n<\/div>","protected":false},"excerpt":{"rendered":"<p>[vc_row][vc_column][vc_column_text]In diesem Abschnitt k\u00f6nnen Sie die h\u00e4ufig gestellten Fragen einsehen. Wenn Sie weitere Fragen haben, k\u00f6nnen Sie uns per E-Mail, Telefon, WhatsApp oder \u00fcber unser Kontaktformular kontaktieren.[\/vc_column_text][vc_toggle title=&#8221;Wie lange ist mein Bootsverleih?&#8221; color=&#8221;blue&#8221;] Vermietung ganzer Tage: Normalerweise ist die Miete&hellip;<\/p>\n","protected":false},"author":1,"featured_media":0,"parent":0,"menu_order":0,"comment_status":"closed","ping_status":"closed","template":"","meta":{"_acf_changed":false,"footnotes":""},"class_list":["post-1755","page","type-page","status-publish","placeholder-for-hentry"],"acf":[],"yoast_head":"<!-- This site is optimized with the Yoast SEO plugin v27.4 - https:\/\/yoast.com\/product\/yoast-seo-wordpress\/ -->\n<title>FAQ - Llauts.com<\/title>\n<meta name=\"robots\" content=\"index, follow, max-snippet:-1, max-image-preview:large, max-video-preview:-1\" \/>\n<link rel=\"canonical\" href=\"https:\/\/www.llauts.com\/faq\/\" \/>\n<meta property=\"og:locale\" content=\"de_DE\" \/>\n<meta property=\"og:type\" content=\"article\" \/>\n<meta property=\"og:title\" content=\"FAQ - Llauts.com\" \/>\n<meta property=\"og:description\" content=\"[vc_row][vc_column][vc_column_text]In diesem Abschnitt k\u00f6nnen Sie die h\u00e4ufig gestellten Fragen einsehen. Wenn Sie weitere Fragen haben, k\u00f6nnen Sie uns per E-Mail, Telefon, WhatsApp oder \u00fcber unser Kontaktformular kontaktieren.[\/vc_column_text][vc_toggle title=&#8221;Wie lange ist mein Bootsverleih?&#8221; color=&#8221;blue&#8221;] Vermietung ganzer Tage: Normalerweise ist die Miete&hellip;\" \/>\n<meta property=\"og:url\" content=\"https:\/\/www.llauts.com\/faq\/\" \/>\n<meta property=\"og:site_name\" content=\"Llauts.com\" \/>\n<meta property=\"article:publisher\" content=\"https:\/\/www.facebook.com\/Llauts-Charter-Port-Andratx-253872008116573\/\" \/>\n<meta property=\"article:modified_time\" content=\"2018-07-25T08:01:14+00:00\" \/>\n<meta property=\"og:image\" content=\"https:\/\/www.llauts.com\/wp-content\/uploads\/2018\/01\/cropped-logo_png-1.png\" \/>\n\t<meta property=\"og:image:width\" content=\"170\" \/>\n\t<meta property=\"og:image:height\" content=\"66\" \/>\n\t<meta property=\"og:image:type\" content=\"image\/png\" \/>\n<meta name=\"twitter:card\" content=\"summary_large_image\" \/>\n<script type=\"application\/ld+json\" class=\"yoast-schema-graph\">{\"@context\":\"https:\\\/\\\/schema.org\",\"@graph\":[{\"@type\":\"WebPage\",\"@id\":\"https:\\\/\\\/www.llauts.com\\\/faq\\\/\",\"url\":\"https:\\\/\\\/www.llauts.com\\\/faq\\\/\",\"name\":\"FAQ - Llauts.com\",\"isPartOf\":{\"@id\":\"https:\\\/\\\/www.llauts.com\\\/#website\"},\"datePublished\":\"2018-01-22T15:06:12+00:00\",\"dateModified\":\"2018-07-25T08:01:14+00:00\",\"breadcrumb\":{\"@id\":\"https:\\\/\\\/www.llauts.com\\\/faq\\\/#breadcrumb\"},\"inLanguage\":\"de-DE\",\"potentialAction\":[{\"@type\":\"ReadAction\",\"target\":[\"https:\\\/\\\/www.llauts.com\\\/faq\\\/\"]}]},{\"@type\":\"BreadcrumbList\",\"@id\":\"https:\\\/\\\/www.llauts.com\\\/faq\\\/#breadcrumb\",\"itemListElement\":[{\"@type\":\"ListItem\",\"position\":1,\"name\":\"Portada\",\"item\":\"https:\\\/\\\/www.llauts.com\\\/de\\\/\"},{\"@type\":\"ListItem\",\"position\":2,\"name\":\"FAQ\"}]},{\"@type\":\"WebSite\",\"@id\":\"https:\\\/\\\/www.llauts.com\\\/#website\",\"url\":\"https:\\\/\\\/www.llauts.com\\\/\",\"name\":\"Llauts.com\",\"description\":\"Alquiler y venta de barcos Puerto d&#039;Andratx\",\"publisher\":{\"@id\":\"https:\\\/\\\/www.llauts.com\\\/#organization\"},\"inLanguage\":\"de-DE\"},{\"@type\":\"Organization\",\"@id\":\"https:\\\/\\\/www.llauts.com\\\/#organization\",\"name\":\"Llauts.com\",\"url\":\"https:\\\/\\\/www.llauts.com\\\/\",\"logo\":{\"@type\":\"ImageObject\",\"inLanguage\":\"de-DE\",\"@id\":\"https:\\\/\\\/www.llauts.com\\\/#\\\/schema\\\/logo\\\/image\\\/\",\"url\":\"https:\\\/\\\/www.llauts.com\\\/wp-content\\\/uploads\\\/2026\\\/02\\\/logo_llauts_1982.png\",\"contentUrl\":\"https:\\\/\\\/www.llauts.com\\\/wp-content\\\/uploads\\\/2026\\\/02\\\/logo_llauts_1982.png\",\"width\":1536,\"height\":1024,\"caption\":\"Llauts.com\"},\"image\":{\"@id\":\"https:\\\/\\\/www.llauts.com\\\/#\\\/schema\\\/logo\\\/image\\\/\"},\"sameAs\":[\"https:\\\/\\\/www.facebook.com\\\/Llauts-Charter-Port-Andratx-253872008116573\\\/\",\"https:\\\/\\\/www.instagram.com\\\/llautsboats\\\/\"]}]}<\/script>\n<!-- \/ Yoast SEO plugin. -->","yoast_head_json":{"title":"FAQ - Llauts.com","robots":{"index":"index","follow":"follow","max-snippet":"max-snippet:-1","max-image-preview":"max-image-preview:large","max-video-preview":"max-video-preview:-1"},"canonical":"https:\/\/www.llauts.com\/faq\/","og_locale":"de_DE","og_type":"article","og_title":"FAQ - Llauts.com","og_description":"[vc_row][vc_column][vc_column_text]In diesem Abschnitt k\u00f6nnen Sie die h\u00e4ufig gestellten Fragen einsehen. Wenn Sie weitere Fragen haben, k\u00f6nnen Sie uns per E-Mail, Telefon, WhatsApp oder \u00fcber unser Kontaktformular kontaktieren.[\/vc_column_text][vc_toggle title=&#8221;Wie lange ist mein Bootsverleih?&#8221; color=&#8221;blue&#8221;] Vermietung ganzer Tage: Normalerweise ist die Miete&hellip;","og_url":"https:\/\/www.llauts.com\/faq\/","og_site_name":"Llauts.com","article_publisher":"https:\/\/www.facebook.com\/Llauts-Charter-Port-Andratx-253872008116573\/","article_modified_time":"2018-07-25T08:01:14+00:00","og_image":[{"width":170,"height":66,"url":"https:\/\/www.llauts.com\/wp-content\/uploads\/2018\/01\/cropped-logo_png-1.png","type":"image\/png"}],"twitter_card":"summary_large_image","schema":{"@context":"https:\/\/schema.org","@graph":[{"@type":"WebPage","@id":"https:\/\/www.llauts.com\/faq\/","url":"https:\/\/www.llauts.com\/faq\/","name":"FAQ - Llauts.com","isPartOf":{"@id":"https:\/\/www.llauts.com\/#website"},"datePublished":"2018-01-22T15:06:12+00:00","dateModified":"2018-07-25T08:01:14+00:00","breadcrumb":{"@id":"https:\/\/www.llauts.com\/faq\/#breadcrumb"},"inLanguage":"de-DE","potentialAction":[{"@type":"ReadAction","target":["https:\/\/www.llauts.com\/faq\/"]}]},{"@type":"BreadcrumbList","@id":"https:\/\/www.llauts.com\/faq\/#breadcrumb","itemListElement":[{"@type":"ListItem","position":1,"name":"Portada","item":"https:\/\/www.llauts.com\/de\/"},{"@type":"ListItem","position":2,"name":"FAQ"}]},{"@type":"WebSite","@id":"https:\/\/www.llauts.com\/#website","url":"https:\/\/www.llauts.com\/","name":"Llauts.com","description":"Alquiler y venta de barcos Puerto d&#039;Andratx","publisher":{"@id":"https:\/\/www.llauts.com\/#organization"},"inLanguage":"de-DE"},{"@type":"Organization","@id":"https:\/\/www.llauts.com\/#organization","name":"Llauts.com","url":"https:\/\/www.llauts.com\/","logo":{"@type":"ImageObject","inLanguage":"de-DE","@id":"https:\/\/www.llauts.com\/#\/schema\/logo\/image\/","url":"https:\/\/www.llauts.com\/wp-content\/uploads\/2026\/02\/logo_llauts_1982.png","contentUrl":"https:\/\/www.llauts.com\/wp-content\/uploads\/2026\/02\/logo_llauts_1982.png","width":1536,"height":1024,"caption":"Llauts.com"},"image":{"@id":"https:\/\/www.llauts.com\/#\/schema\/logo\/image\/"},"sameAs":["https:\/\/www.facebook.com\/Llauts-Charter-Port-Andratx-253872008116573\/","https:\/\/www.instagram.com\/llautsboats\/"]}]}},"_links":{"self":[{"href":"https:\/\/www.llauts.com\/de\/wp-json\/wp\/v2\/pages\/1755","targetHints":{"allow":["GET"]}}],"collection":[{"href":"https:\/\/www.llauts.com\/de\/wp-json\/wp\/v2\/pages"}],"about":[{"href":"https:\/\/www.llauts.com\/de\/wp-json\/wp\/v2\/types\/page"}],"author":[{"embeddable":true,"href":"https:\/\/www.llauts.com\/de\/wp-json\/wp\/v2\/users\/1"}],"replies":[{"embeddable":true,"href":"https:\/\/www.llauts.com\/de\/wp-json\/wp\/v2\/comments?post=1755"}],"version-history":[{"count":0,"href":"https:\/\/www.llauts.com\/de\/wp-json\/wp\/v2\/pages\/1755\/revisions"}],"wp:attachment":[{"href":"https:\/\/www.llauts.com\/de\/wp-json\/wp\/v2\/media?parent=1755"}],"curies":[{"name":"wp","href":"https:\/\/api.w.org\/{rel}","templated":true}]}}